{"id":28137,"date":"2024-08-27T11:29:21","date_gmt":"2024-08-27T14:29:21","guid":{"rendered":"https:\/\/loja.terosprint.com.br\/?post_type=product&#038;p=28137"},"modified":"2026-05-06T05:36:57","modified_gmt":"2026-05-06T08:36:57","slug":"impressora-de-sublimacao-terosprint-180m-02-cabecas-i3200","status":"publish","type":"product","link":"https:\/\/terosprint.com.br\/es\/product\/impressora-de-sublimacao-terosprint-180m-02-cabecas-i3200\/","title":{"rendered":"Impresora de Sublimaci\u00f3n Teros Print I3200 de 1,80 m y 2 Cabezales"},"content":{"rendered":"<p class=\"translation-block\">La <strong>Impresora de Sublimaci\u00f3n Teros Print<\/strong> es la soluci\u00f3n perfecta para quienes buscan alta calidad y versatilidad en su impresi\u00f3n profesional. Ideal para una amplia gama de aplicaciones, Teros Print imprime en:<\/p>\n<ul>\n<li class=\"translation-block\"><strong>Telas para decoraci\u00f3n del hogar<\/strong>: cree almohadas, cortinas y m\u00e1s con colores vibrantes y duraderos.<\/li>\n<li class=\"translation-block\"><strong>Ropa deportiva<\/strong>: Personaliza uniformes deportivos con dise\u00f1os que resistan el uso intensivo y los lavados frecuentes.<\/li>\n<li class=\"translation-block\"><strong>Banderas<\/strong>: Produzca banderas con detalles n\u00edtidos y colores vibrantes, perfectas para eventos y promociones.<\/li>\n<li class=\"translation-block\"><strong>Tejidos de Poli\u00e9ster<\/strong>: Ideales para sublimaci\u00f3n sobre tejidos sint\u00e9ticos, garantizando adhesi\u00f3n permanente y resistencia a la decoloraci\u00f3n.<\/li>\n<\/ul>\n<p class=\"translation-block\">Teros Print utiliza tinta de sublimaci\u00f3n activada por calor que se adhiere permanentemente a la tela. Esta innovadora tecnolog\u00eda garantiza que sus impresiones sean duraderas y resistentes a la decoloraci\u00f3n, manteniendo colores vibrantes y una calidad de imagen superior por mucho m\u00e1s tiempo.<\/p>\n<p>&nbsp;<\/p>\n<h4>Caracter\u00edsticas T\u00e9cnicas<\/h4>\n<ul>\n<li><strong>Ancho de impresi\u00f3n de 1,80 m<\/strong>: Perfecto para grandes formatos y alta productividad.\n<ul>\n<li>02 Cabezales de impresi\u00f3n: 2 pasadas 35m\u00b2\/h \u2013 4 pasadas 18m\u00b2\/h<\/li>\n<\/ul>\n<\/li>\n<\/ul>\n<ul>\n<li class=\"translation-block\">Resoluci\u00f3n de impresi\u00f3n: 360\u00d71200, 360\u00d71800, 720\u00d71800 ppp<\/li>\n<li class=\"translation-block\"><strong>Temperatura de funcionamiento<\/strong>: 15 \u2013 32\u00b0C<\/li>\n<li class=\"translation-block\"><strong>Potencia<\/strong>: Impresora 230W, Secadora 2400W<\/li>\n<li class=\"translation-block\"><strong>Sistema de calefacci\u00f3n<\/strong>: Sistema de calefacci\u00f3n por infrarrojos externo<\/li>\n<\/ul>\n<p>&nbsp;<\/p>\n<h4>Dimensiones<\/h4>\n<ul>\n<li class=\"translation-block\"><strong>Peso<\/strong>: 272 kg<\/li>\n<li class=\"translation-block\">Dimensiones de la impresora (Lx An x Al): 2860 mm x 820 mm x 1430 mm<\/li>\n<li class=\"translation-block\">Dimensiones de la impresora empaquetada (LxAnxAl): 3370 mm x 840 mm x 760 mm<\/li>\n<\/ul>\n<h4>Informaci\u00f3n sobre el cabezal de impresi\u00f3n de la Epson I3200<\/h4>\n<p>El cabezal de impresi\u00f3n Epson i3200 es conocido por su alta precisi\u00f3n y durabilidad. Dise\u00f1ado para satisfacer las exigencias de la impresi\u00f3n profesional, ofrece:<\/p>\n<ul>\n<li class=\"translation-block\"><strong>Alta velocidad<\/strong>: con la tecnolog\u00eda PrecisionCore, los cabezales de impresi\u00f3n I3200 proporcionan una impresi\u00f3n r\u00e1pida y eficiente.<\/li>\n<li class=\"translation-block\"><strong>Calidad superior<\/strong>: La tecnolog\u00eda de gotas variables permite una alta resoluci\u00f3n y detalles n\u00edtidos, esenciales para impresiones de calidad profesional.<\/li>\n<li class=\"translation-block\"><strong>Durabilidad<\/strong>: Dise\u00f1ados para soportar largas tiradas de producci\u00f3n, los cabezales de impresi\u00f3n Epson I3200 garantizan confiabilidad y longevidad.<\/li>\n<\/ul>\n<h4>Medios y componentes<\/h4>\n<ul>\n<li class=\"translation-block\"><strong>Tinta<\/strong>: Tinta de sublimaci\u00f3n con sistema de suministro continuo<\/li>\n<li class=\"translation-block\"><strong>Color<\/strong>: CMYK<\/li>\n<li class=\"translation-block\"><strong>Humedad recomendada<\/strong>: 35 \u2013 80%<\/li>\n<li class=\"translation-block\"><strong>Distancia del cabezal de impresi\u00f3n al papel<\/strong>: 2-5mm<\/li>\n<li class=\"translation-block\"><strong>Formatos de imagen<\/strong>: TIFF, JPEG, PDF and EPS<\/li>\n<li class=\"translation-block\"><strong>Transferencia de medios<\/strong>: Posicionamiento autom\u00e1tico del papel<\/li>\n<li class=\"translation-block\"><strong>Tipo de medio<\/strong>: Papel de sublimaci\u00f3n<\/li>\n<li class=\"translation-block\"><strong>Software Rip<\/strong>: Flexprint<\/li>\n<li class=\"translation-block\"><strong>Interfaz de Transmisi\u00f3n<\/strong>: Puerto de red Gigabit RJ-45 \/ USB<\/li>\n<\/ul>\n<h4 class=\"translation-block\">Beneficios de la impresora de sublimaci\u00f3n Teros Print<\/h4>\n<ul>\n<li class=\"translation-block\"><strong>Impresiones duraderas<\/strong>: la tinta de sublimaci\u00f3n penetra en las fibras de la tela, lo que da como resultado impresiones que no se desvanecen con el tiempo.<\/li>\n<li class=\"translation-block\"><strong>Versatilidad de aplicaci\u00f3n<\/strong>: Perfecto para diversos sectores profesionales, como la moda, la decoraci\u00f3n y la se\u00f1alizaci\u00f3n.<\/li>\n<li class=\"translation-block\"><strong>Alta calidad de imagen<\/strong>: colores vivos y detalles n\u00edtidos en todas sus impresiones.<\/li>\n<li class=\"translation-block\"><strong>Alto rendimiento<\/strong>: con opciones de hasta 4 cabezales de impresi\u00f3n Epson I3200, aumente su productividad y eficiencia.<\/li>\n<\/ul>\n<p class=\"translation-block\">Invierta en la <strong>impresora de sublimaci\u00f3n Teros Print<\/strong> y descubra la diferencia que la calidad de impresi\u00f3n puede marcar en sus proyectos. Perfecta para emprendedores y profesionales que buscan la mejor tecnolog\u00eda para personalizaci\u00f3n y decoraci\u00f3n.<\/p>","protected":false},"excerpt":{"rendered":"<p style=\"text-align: center; margin: 0;\"><a style=\"display: block; background-color: #25d366; color: white; padding: 10px 20px; text-align: center; text-decoration: none; border-radius: 5px; width: 100%; max-width: 300px; box-sizing: border-box;\" href=\"\/\/bit.ly\/3y0ups5\" target=\"_blank\" rel=\"noopener\">Cont\u00e1ctanos v\u00eda WhatsApp<\/a><\/p>\n<p>&nbsp;<\/p>\n<h4><strong>\u00a1Solicita una cotizaci\u00f3n ahora!<\/strong><\/p>\n<div class=\"wpforms-container wpforms-container-full wpforms-render-modern\" id=\"wpforms-28053\">\n<form id=\"wpforms-form-28053\" class=\"wpforms-validate wpforms-form wpforms-ajax-form\" data-formid=\"28053\" method=\"post\" enctype=\"multipart\/form-data\" action=\"\/es\/wp-json\/wp\/v2\/product\/28137\" data-token=\"c389aa55d2daeb9b5af41614e6eacd6f\" data-token-time=\"1778075014\" data-trp-original-action=\"\/es\/wp-json\/wp\/v2\/product\/28137\"><noscript class=\"wpforms-error-noscript\">Por favor, activa JavaScript en tu navegador para completar este formulario.<\/noscript><\/p>\n<div class=\"wpforms-hidden\" id=\"wpforms-error-noscript\">Por favor, activa JavaScript en tu navegador para completar este formulario.<\/div>\n<div class=\"wpforms-field-container\">\n<div id=\"wpforms-28053-field_5-container\" class=\"wpforms-field wpforms-field-text\" data-field-id=\"5\"><label class=\"wpforms-field-label wpforms-label-hide\" for=\"wpforms-28053-field_5\" aria-hidden=\"false\">Nome do Produto<\/label><input type=\"text\" id=\"wpforms-28053-field_5\" class=\"wpforms-field-large\" name=\"wpforms[fields][5]\" value=\"Interessado em: \" aria-errormessage=\"wpforms-28053-field_5-error\" ><\/div>\n<div id=\"wpforms-28053-field_1-container\" class=\"wpforms-field wpforms-field-name\" data-field-id=\"1\"><label class=\"wpforms-field-label wpforms-label-hide\" for=\"wpforms-28053-field_1\" aria-hidden=\"false\">Nome <span class=\"wpforms-required-label\" aria-hidden=\"true\">*<\/span><\/label><input type=\"text\" id=\"wpforms-28053-field_1\" class=\"wpforms-field-large wpforms-field-required\" name=\"wpforms[fields][1]\" placeholder=\"Su nombre\" aria-errormessage=\"wpforms-28053-field_1-error\" required><\/div>\n<div id=\"wpforms-28053-field_2-container\" class=\"wpforms-field wpforms-field-email\" data-field-id=\"2\"><label class=\"wpforms-field-label wpforms-label-hide\" for=\"wpforms-28053-field_2\" aria-hidden=\"false\">E-mail <span class=\"wpforms-required-label\" aria-hidden=\"true\">*<\/span><\/label><input type=\"email\" id=\"wpforms-28053-field_2\" class=\"wpforms-field-large wpforms-field-required\" name=\"wpforms[fields][2]\" placeholder=\"Introduce tu mejor email\" spellcheck=\"false\" aria-errormessage=\"wpforms-28053-field_2-error\" required><\/div>\n<div id=\"wpforms-28053-field_3-container\" class=\"wpforms-field wpforms-field-phone\" data-field-id=\"3\"><label class=\"wpforms-field-label\" for=\"wpforms-28053-field_3\">Tel\u00e9fono <span class=\"wpforms-required-label\" aria-hidden=\"true\">*<\/span><\/label><input type=\"tel\" id=\"wpforms-28053-field_3\" class=\"wpforms-field-large wpforms-field-required wpforms-smart-phone-field\" data-rule-smart-phone-field=\"true\" name=\"wpforms[fields][3]\" placeholder=\"Tel\u00e9fono o WhatsApp\" aria-errormessage=\"wpforms-28053-field_3-error\" required><\/div>\n<div id=\"wpforms-28053-field_6-container\" class=\"wpforms-field wpforms-field-text\" data-field-id=\"6\"><label class=\"wpforms-field-label wpforms-label-hide\" for=\"wpforms-28053-field_6\" aria-hidden=\"false\">Empresa<\/label><input type=\"text\" id=\"wpforms-28053-field_6\" class=\"wpforms-field-large\" name=\"wpforms[fields][6]\" value=\"Nome da sua empresa\" aria-errormessage=\"wpforms-28053-field_6-error\" ><\/div>\n<div id=\"wpforms-28053-field_7-container\" class=\"wpforms-field wpforms-field-text\" data-field-id=\"7\"><label class=\"wpforms-field-label wpforms-label-hide\" for=\"wpforms-28053-field_7\" aria-hidden=\"false\">Cidade\/Estado<\/label><input type=\"text\" id=\"wpforms-28053-field_7\" class=\"wpforms-field-medium\" name=\"wpforms[fields][7]\" placeholder=\"Nome da sua cidade e estado\" aria-errormessage=\"wpforms-28053-field_7-error\" ><\/div>\n<div id=\"wpforms-28053-field_4-container\" class=\"wpforms-field wpforms-field-textarea\" data-field-id=\"4\"><label class=\"wpforms-field-label wpforms-label-hide\" for=\"wpforms-28053-field_4\" aria-hidden=\"false\">\u00c1rea de texto<\/label><textarea id=\"wpforms-28053-field_4\" class=\"wpforms-field-medium\" name=\"wpforms[fields][4]\" placeholder=\"Escribe tu mensaje...\" aria-errormessage=\"wpforms-28053-field_4-error\" ><\/textarea><\/div>\n<div id=\"wpforms-28053-field_8-container\" class=\"wpforms-field wpforms-field-text\" data-field-id=\"8\"><label class=\"wpforms-field-label wpforms-label-hide\" for=\"wpforms-28053-field_8\" aria-hidden=\"false\">UTM Source<\/label><input type=\"text\" id=\"wpforms-28053-field_8\" class=\"wpforms-field-large\" name=\"wpforms[fields][8]\" value=\"Interessado em: \" aria-errormessage=\"wpforms-28053-field_8-error\" ><\/div>\n<div id=\"wpforms-28053-field_9-container\" class=\"wpforms-field wpforms-field-text\" data-field-id=\"9\"><label class=\"wpforms-field-label wpforms-label-hide\" for=\"wpforms-28053-field_9\" aria-hidden=\"false\">Campanha<\/label><input type=\"text\" id=\"wpforms-28053-field_9\" class=\"wpforms-field-large\" name=\"wpforms[fields][9]\" value=\"Interessado em: \" aria-errormessage=\"wpforms-28053-field_9-error\" ><\/div>\n<\/div>\n<p><!-- .wpforms-field-container --><\/p>\n<div class=\"wpforms-recaptcha-container wpforms-is-recaptcha wpforms-is-recaptcha-type-v3\" ><input type=\"hidden\" name=\"wpforms[recaptcha]\" value=\"\"><\/div>\n<div class=\"wpforms-submit-container\" ><input type=\"hidden\" name=\"wpforms[id]\" value=\"28053\"><input type=\"hidden\" name=\"page_title\" value=\"\"><input type=\"hidden\" name=\"page_url\" value=\"https:\/\/terosprint.com.br\/es\/wp-json\/wp\/v2\/product\/28137\"><button type=\"submit\" name=\"wpforms[submit]\" id=\"wpforms-submit-28053\" class=\"wpforms-submit\" data-alt-text=\"Enviando\u2026\" data-submit-text=\"Enviar\" aria-live=\"assertive\" value=\"wpforms-submit\">Enviar<\/button><img decoding=\"async\" src=\"https:\/\/terosprint.com.br\/wp-content\/plugins\/wpforms\/assets\/images\/submit-spin.svg\" class=\"wpforms-submit-spinner\" style=\"display: none;\" width=\"26\" height=\"26\" alt=\"Cargando\"><\/div>\n<input type=\"hidden\" name=\"trp-form-language\" value=\"es\"\/><\/form>\n<\/div>\n<p>  <!-- .wpforms-container --><\/h4>","protected":false},"featured_media":29759,"comment_status":"open","ping_status":"closed","template":"","meta":[],"product_brand":[],"product_cat":[20],"product_tag":[80],"class_list":{"0":"post-28137","1":"product","2":"type-product","3":"status-publish","4":"has-post-thumbnail","6":"product_cat-impressora-sublimacao","7":"product_tag-impressora-sublimacao","8":"product_shipping_class-envio-por-transportadora","10":"first","11":"onbackorder","12":"taxable","13":"shipping-taxable","14":"product-type-simple"},"yoast_head":"<!-- This site is optimized with the Yoast SEO plugin v23.3 - https:\/\/yoast.com\/wordpress\/plugins\/seo\/ -->\n<title>Impressora Sublima\u00e7\u00e3o Teros Print 1.80m 2 Cabe\u00e7as I3200 - Terosprint<\/title>\n<meta name=\"description\" content=\"Impressora de Sublima\u00e7\u00e3o Terosprint 1,80m com 2 cabe\u00e7as Epson I3200: qualidade, versatilidade e durabilidade para tecidos e roupas esportivas.\" \/>\n<meta name=\"robots\" content=\"index, follow, max-snippet:-1, max-image-preview:large, max-video-preview:-1\" \/>\n<link rel=\"canonical\" href=\"https:\/\/terosprint.com.br\/es\/product\/impressora-de-sublimacao-terosprint-180m-02-cabecas-i3200\/\" \/>\n<meta property=\"og:locale\" content=\"es_ES\" \/>\n<meta property=\"og:type\" content=\"article\" \/>\n<meta property=\"og:title\" content=\"Impressora Sublima\u00e7\u00e3o Teros Print 1.80m 2 Cabe\u00e7as I3200 - Terosprint\" \/>\n<meta property=\"og:description\" content=\"Impressora de Sublima\u00e7\u00e3o Terosprint 1,80m com 2 cabe\u00e7as Epson I3200: qualidade, versatilidade e durabilidade para tecidos e roupas esportivas.\" \/>\n<meta property=\"og:url\" content=\"https:\/\/terosprint.com.br\/es\/product\/impressora-de-sublimacao-terosprint-180m-02-cabecas-i3200\/\" \/>\n<meta property=\"og:site_name\" content=\"Terosprint\" \/>\n<meta property=\"article:modified_time\" content=\"2026-05-06T08:36:57+00:00\" \/>\n<meta property=\"og:image\" content=\"https:\/\/terosprint.com.br\/wp-content\/uploads\/2024\/08\/Impressora-Sublimacao.webp\" \/>\n\t<meta property=\"og:image:width\" content=\"1000\" \/>\n\t<meta property=\"og:image:height\" content=\"1000\" \/>\n\t<meta property=\"og:image:type\" content=\"image\/webp\" \/>\n<meta name=\"twitter:card\" content=\"summary_large_image\" \/>\n<meta name=\"twitter:label1\" content=\"Precio\" \/>\n\t<meta name=\"twitter:data1\" content=\"\" \/>\n\t<meta name=\"twitter:label2\" content=\"Disponibilidad\" \/>\n\t<meta name=\"twitter:data2\" content=\"Disponible para reservar\" \/>\n<script type=\"application\/ld+json\" class=\"yoast-schema-graph\">{\"@context\":\"https:\/\/schema.org\",\"@graph\":[{\"@type\":\"WebPage\",\"@id\":\"https:\/\/terosprint.com.br\/produto\/impressora-de-sublimacao-terosprint-180m-02-cabecas-i3200\/\",\"url\":\"https:\/\/terosprint.com.br\/produto\/impressora-de-sublimacao-terosprint-180m-02-cabecas-i3200\/\",\"name\":\"Impressora Sublima\u00e7\u00e3o Teros Print 1.80m 2 Cabe\u00e7as I3200 - Terosprint\",\"isPartOf\":{\"@id\":\"https:\/\/terosprint.com.br\/#website\"},\"primaryImageOfPage\":{\"@id\":\"https:\/\/terosprint.com.br\/produto\/impressora-de-sublimacao-terosprint-180m-02-cabecas-i3200\/#primaryimage\"},\"image\":{\"@id\":\"https:\/\/terosprint.com.br\/produto\/impressora-de-sublimacao-terosprint-180m-02-cabecas-i3200\/#primaryimage\"},\"thumbnailUrl\":\"https:\/\/terosprint.com.br\/wp-content\/uploads\/2024\/08\/Impressora-Sublimacao.webp\",\"datePublished\":\"2024-08-27T14:29:21+00:00\",\"dateModified\":\"2026-05-06T08:36:57+00:00\",\"description\":\"Impressora de Sublima\u00e7\u00e3o Terosprint 1,80m com 2 cabe\u00e7as Epson I3200: qualidade, versatilidade e durabilidade para tecidos e roupas esportivas.\",\"breadcrumb\":{\"@id\":\"https:\/\/terosprint.com.br\/produto\/impressora-de-sublimacao-terosprint-180m-02-cabecas-i3200\/#breadcrumb\"},\"inLanguage\":\"es\",\"potentialAction\":[{\"@type\":\"ReadAction\",\"target\":[\"https:\/\/terosprint.com.br\/produto\/impressora-de-sublimacao-terosprint-180m-02-cabecas-i3200\/\"]}]},{\"@type\":\"ImageObject\",\"inLanguage\":\"es\",\"@id\":\"https:\/\/terosprint.com.br\/produto\/impressora-de-sublimacao-terosprint-180m-02-cabecas-i3200\/#primaryimage\",\"url\":\"https:\/\/terosprint.com.br\/wp-content\/uploads\/2024\/08\/Impressora-Sublimacao.webp\",\"contentUrl\":\"https:\/\/terosprint.com.br\/wp-content\/uploads\/2024\/08\/Impressora-Sublimacao.webp\",\"width\":1000,\"height\":1000},{\"@type\":\"BreadcrumbList\",\"@id\":\"https:\/\/terosprint.com.br\/produto\/impressora-de-sublimacao-terosprint-180m-02-cabecas-i3200\/#breadcrumb\",\"itemListElement\":[{\"@type\":\"ListItem\",\"position\":1,\"name\":\"In\u00edcio\",\"item\":\"https:\/\/terosprint.com.br\/\"},{\"@type\":\"ListItem\",\"position\":2,\"name\":\"Shop\",\"item\":\"https:\/\/terosprint.com.br\/shop\/\"},{\"@type\":\"ListItem\",\"position\":3,\"name\":\"Impressora Sublima\u00e7\u00e3o Teros Print 1.80m 2 Cabe\u00e7as I3200\"}]},{\"@type\":\"WebSite\",\"@id\":\"https:\/\/terosprint.com.br\/#website\",\"url\":\"https:\/\/terosprint.com.br\/\",\"name\":\"Loja Terosprint - Voando em cores!\",\"description\":\"Voando em Cores!\",\"publisher\":{\"@id\":\"https:\/\/terosprint.com.br\/#organization\"},\"potentialAction\":[{\"@type\":\"SearchAction\",\"target\":{\"@type\":\"EntryPoint\",\"urlTemplate\":\"https:\/\/terosprint.com.br\/?s={search_term_string}\"},\"query-input\":\"required name=search_term_string\"}],\"inLanguage\":\"es\"},{\"@type\":\"Organization\",\"@id\":\"https:\/\/terosprint.com.br\/#organization\",\"name\":\"Loja Terosprint - Voando em cores!\",\"url\":\"https:\/\/terosprint.com.br\/\",\"logo\":{\"@type\":\"ImageObject\",\"inLanguage\":\"es\",\"@id\":\"https:\/\/terosprint.com.br\/#\/schema\/logo\/image\/\",\"url\":\"https:\/\/terosprint.com.br\/wp-content\/uploads\/2024\/08\/HORIZONTAL-MIXTO.png\",\"contentUrl\":\"https:\/\/terosprint.com.br\/wp-content\/uploads\/2024\/08\/HORIZONTAL-MIXTO.png\",\"width\":1956,\"height\":503,\"caption\":\"Loja Terosprint - Voando em cores!\"},\"image\":{\"@id\":\"https:\/\/terosprint.com.br\/#\/schema\/logo\/image\/\"},\"sameAs\":[\"https:\/\/www.youtube.com\/@TerosPrint\",\"https:\/\/www.instagram.com\/terosprint\/\"]}]}<\/script>\n<meta property=\"product:price:currency\" content=\"BRL\" \/>\n<meta property=\"og:availability\" content=\"backorder\" \/>\n<meta property=\"product:availability\" content=\"available for order\" \/>\n<meta property=\"product:retailer_item_id\" content=\"3109\" \/>\n<meta property=\"product:condition\" content=\"new\" \/>\n<!-- \/ Yoast SEO plugin. -->","yoast_head_json":{"title":"Impressora Sublima\u00e7\u00e3o Teros Print 1.80m 2 Cabe\u00e7as I3200 - Terosprint","description":"Impressora de Sublima\u00e7\u00e3o Terosprint 1,80m com 2 cabe\u00e7as Epson I3200: qualidade, versatilidade e durabilidade para tecidos e roupas esportivas.","robots":{"index":"index","follow":"follow","max-snippet":"max-snippet:-1","max-image-preview":"max-image-preview:large","max-video-preview":"max-video-preview:-1"},"canonical":"https:\/\/terosprint.com.br\/es\/product\/impressora-de-sublimacao-terosprint-180m-02-cabecas-i3200\/","og_locale":"es_ES","og_type":"article","og_title":"Impressora Sublima\u00e7\u00e3o Teros Print 1.80m 2 Cabe\u00e7as I3200 - Terosprint","og_description":"Impressora de Sublima\u00e7\u00e3o Terosprint 1,80m com 2 cabe\u00e7as Epson I3200: qualidade, versatilidade e durabilidade para tecidos e roupas esportivas.","og_url":"https:\/\/terosprint.com.br\/es\/product\/impressora-de-sublimacao-terosprint-180m-02-cabecas-i3200\/","og_site_name":"Terosprint","article_modified_time":"2026-05-06T08:36:57+00:00","og_image":[{"width":1000,"height":1000,"url":"https:\/\/terosprint.com.br\/wp-content\/uploads\/2024\/08\/Impressora-Sublimacao.webp","type":"image\/webp"}],"twitter_card":"summary_large_image","twitter_misc":{"Precio":"","Disponibilidad":"Disponible para reservar"},"schema":{"@context":"https:\/\/schema.org","@graph":[{"@type":"WebPage","@id":"https:\/\/terosprint.com.br\/produto\/impressora-de-sublimacao-terosprint-180m-02-cabecas-i3200\/","url":"https:\/\/terosprint.com.br\/produto\/impressora-de-sublimacao-terosprint-180m-02-cabecas-i3200\/","name":"Impressora Sublima\u00e7\u00e3o Teros Print 1.80m 2 Cabe\u00e7as I3200 - Terosprint","isPartOf":{"@id":"https:\/\/terosprint.com.br\/#website"},"primaryImageOfPage":{"@id":"https:\/\/terosprint.com.br\/produto\/impressora-de-sublimacao-terosprint-180m-02-cabecas-i3200\/#primaryimage"},"image":{"@id":"https:\/\/terosprint.com.br\/produto\/impressora-de-sublimacao-terosprint-180m-02-cabecas-i3200\/#primaryimage"},"thumbnailUrl":"https:\/\/terosprint.com.br\/wp-content\/uploads\/2024\/08\/Impressora-Sublimacao.webp","datePublished":"2024-08-27T14:29:21+00:00","dateModified":"2026-05-06T08:36:57+00:00","description":"Impressora de Sublima\u00e7\u00e3o Terosprint 1,80m com 2 cabe\u00e7as Epson I3200: qualidade, versatilidade e durabilidade para tecidos e roupas esportivas.","breadcrumb":{"@id":"https:\/\/terosprint.com.br\/produto\/impressora-de-sublimacao-terosprint-180m-02-cabecas-i3200\/#breadcrumb"},"inLanguage":"es","potentialAction":[{"@type":"ReadAction","target":["https:\/\/terosprint.com.br\/produto\/impressora-de-sublimacao-terosprint-180m-02-cabecas-i3200\/"]}]},{"@type":"ImageObject","inLanguage":"es","@id":"https:\/\/terosprint.com.br\/produto\/impressora-de-sublimacao-terosprint-180m-02-cabecas-i3200\/#primaryimage","url":"https:\/\/terosprint.com.br\/wp-content\/uploads\/2024\/08\/Impressora-Sublimacao.webp","contentUrl":"https:\/\/terosprint.com.br\/wp-content\/uploads\/2024\/08\/Impressora-Sublimacao.webp","width":1000,"height":1000},{"@type":"BreadcrumbList","@id":"https:\/\/terosprint.com.br\/produto\/impressora-de-sublimacao-terosprint-180m-02-cabecas-i3200\/#breadcrumb","itemListElement":[{"@type":"ListItem","position":1,"name":"In\u00edcio","item":"https:\/\/terosprint.com.br\/"},{"@type":"ListItem","position":2,"name":"Shop","item":"https:\/\/terosprint.com.br\/shop\/"},{"@type":"ListItem","position":3,"name":"Impressora Sublima\u00e7\u00e3o Teros Print 1.80m 2 Cabe\u00e7as I3200"}]},{"@type":"WebSite","@id":"https:\/\/terosprint.com.br\/#website","url":"https:\/\/terosprint.com.br\/","name":"Loja Terosprint - Voando em cores!","description":"Voando em Cores!","publisher":{"@id":"https:\/\/terosprint.com.br\/#organization"},"potentialAction":[{"@type":"SearchAction","target":{"@type":"EntryPoint","urlTemplate":"https:\/\/terosprint.com.br\/?s={search_term_string}"},"query-input":"required name=search_term_string"}],"inLanguage":"es"},{"@type":"Organization","@id":"https:\/\/terosprint.com.br\/#organization","name":"Loja Terosprint - Voando em cores!","url":"https:\/\/terosprint.com.br\/","logo":{"@type":"ImageObject","inLanguage":"es","@id":"https:\/\/terosprint.com.br\/#\/schema\/logo\/image\/","url":"https:\/\/terosprint.com.br\/wp-content\/uploads\/2024\/08\/HORIZONTAL-MIXTO.png","contentUrl":"https:\/\/terosprint.com.br\/wp-content\/uploads\/2024\/08\/HORIZONTAL-MIXTO.png","width":1956,"height":503,"caption":"Loja Terosprint - Voando em cores!"},"image":{"@id":"https:\/\/terosprint.com.br\/#\/schema\/logo\/image\/"},"sameAs":["https:\/\/www.youtube.com\/@TerosPrint","https:\/\/www.instagram.com\/terosprint\/"]}]},"product_price_currency":"BRL","og_availability":"backorder","product_availability":"available for order","product_retailer_item_id":"3109","product_condition":"new"},"_links":{"self":[{"href":"https:\/\/terosprint.com.br\/es\/wp-json\/wp\/v2\/product\/28137","targetHints":{"allow":["GET"]}}],"collection":[{"href":"https:\/\/terosprint.com.br\/es\/wp-json\/wp\/v2\/product"}],"about":[{"href":"https:\/\/terosprint.com.br\/es\/wp-json\/wp\/v2\/types\/product"}],"replies":[{"embeddable":true,"href":"https:\/\/terosprint.com.br\/es\/wp-json\/wp\/v2\/comments?post=28137"}],"version-history":[{"count":0,"href":"https:\/\/terosprint.com.br\/es\/wp-json\/wp\/v2\/product\/28137\/revisions"}],"wp:featuredmedia":[{"embeddable":true,"href":"https:\/\/terosprint.com.br\/es\/wp-json\/wp\/v2\/media\/29759"}],"wp:attachment":[{"href":"https:\/\/terosprint.com.br\/es\/wp-json\/wp\/v2\/media?parent=28137"}],"wp:term":[{"taxonomy":"product_brand","embeddable":true,"href":"https:\/\/terosprint.com.br\/es\/wp-json\/wp\/v2\/product_brand?post=28137"},{"taxonomy":"product_cat","embeddable":true,"href":"https:\/\/terosprint.com.br\/es\/wp-json\/wp\/v2\/product_cat?post=28137"},{"taxonomy":"product_tag","embeddable":true,"href":"https:\/\/terosprint.com.br\/es\/wp-json\/wp\/v2\/product_tag?post=28137"}],"curies":[{"name":"wp","href":"https:\/\/api.w.org\/{rel}","templated":true}]}}