{"id":27884,"date":"2024-08-23T13:58:44","date_gmt":"2024-08-23T16:58:44","guid":{"rendered":"https:\/\/loja.terosprint.com.br\/?post_type=product&#038;p=27884"},"modified":"2026-05-05T08:25:29","modified_gmt":"2026-05-05T11:25:29","slug":"impressora-dtf-textil-terosprint-30cm-cabeca-i1600","status":"publish","type":"product","link":"https:\/\/terosprint.com.br\/es\/product\/impressora-dtf-textil-terosprint-30cm-cabeca-i1600\/","title":{"rendered":"Impresora textil DTF Teros Print 30CM: 2 Cabezales I1600"},"content":{"rendered":"<p><span style=\"font-size: 24pt;\"><strong>Impressora DTF T\u00eaxtil Teros Print 30CM: 2 Cabe\u00e7as <\/strong><strong>Epson<\/strong><strong> I1600<\/strong><\/span><\/p>\n<p>A Impressora DTF T\u00eaxtil Teros Print 30 cm, equipada com 2 cabe\u00e7as Epson I1600, \u00e9 a escolha ideal para quem busca alta qualidade, defini\u00e7\u00e3o, produtividade, versatilidade e ter\u00a0 impress\u00f5es profissionais. Desenvolvida para atender diferentes segmentos do mercado, ela oferece resultados impec\u00e1veis para a sua produ\u00e7\u00e3o.<\/p>\n<p>\u00c9 perfeita para todos os tipos de\u00a0 tecidos de decora\u00e7\u00e3o, permitindo a cria\u00e7\u00e3o de almofadas, cortinas, pe\u00e7as de decora\u00e7\u00e3o em geral, na qual a sua empresa produzira pe\u00e7as exclusivas que agregam valor \u00e0 sua marca. No segmento de roupas esportivas, possibilita a personaliza\u00e7\u00e3o de uniformes com bras\u00f5es, n\u00fameros e nomes em DTF em pe\u00e7as prontas, devido ao seu modelo de funcionamento, impress\u00e3o , aplica\u00e7\u00e3o de p\u00f3, cura, secagem da estampa ela garante pe\u00e7as com alta resist\u00eancia e durabilidade.<\/p>\n<p>Al\u00e9m disso, a Teros Print 30 cm se destaca na personaliza\u00e7\u00e3o de bolsas, sacolas e mochilas, imprimindo com excel\u00eancia adesivos que pode ser aplicado, em materiais variados como nylon 600, TNT, algod\u00e3o cru, couro, entre outros.<\/p>\n<p>Uma solu\u00e7\u00e3o completa para quem deseja elevar o n\u00edvel da personaliza\u00e7\u00e3o t\u00eaxtil com qualidade profissional e \u00f3timo custo-benef\u00edcio.<\/p>\n<hr \/>\n<h2>Especificaciones<\/h2>\n<ul>\n<li><strong>Largura M\u00e1xima de Impress\u00e3o:<\/strong>\u00a028cm.<\/li>\n<li><strong>Velocidade de Impress\u00e3o:<\/strong>\u00a03m\u00b2\/h (8 passes).<\/li>\n<li><strong>Cabe\u00e7as de Impress\u00e3o:<\/strong>\u00a0Equipado com 2 cabe\u00e7as originais Epson I1600, oferecendo alta velocidade e precis\u00e3o.<\/li>\n<li><strong>Resolu\u00e7\u00e3o de Impress\u00e3o:<\/strong>\u00a01440\/2160\/2880dpi.<\/li>\n<li><strong>RIP de software:<\/strong>\u00a0PrintFactory. (licen\u00e7a vital\u00edcia)<\/li>\n<li><strong>Sistema Operacional Compat\u00edvel:<\/strong>\u00a0 Windows 10 e Windows 11.<\/li>\n<li><strong>Pot\u00eancia\/Voltagem:<\/strong>\u00a00,5KW\/220V Monof\u00e1sico\/Bif\u00e1sico.<\/li>\n<li><strong>Interface de Impress\u00e3o:<\/strong>\u00a0Porta de rede Gigabit.<\/li>\n<li><strong>Sistema de Alimenta\u00e7\u00e3o:<\/strong>\u00a0Rolo a rolo. Acompanha rebobinador de m\u00eddia (Take-Up).<\/li>\n<\/ul>\n<hr \/>\n<h2>Dimensiones<\/h2>\n<ul>\n<li class=\"translation-block\">Peso de la impresora: 56,5 kg<\/li>\n<li class=\"translation-block\">Peso de la impresora empaquetada: 76,5 kg<\/li>\n<li class=\"translation-block\">Dimensiones de la impresora (largo x ancho x alto): 850 mm x 637 mm x 440 mm<\/li>\n<li class=\"translation-block\">Dimensiones de la impresora empaquetada (LxAnxAl): 910 mm x 685 mm x 601 mm<\/li>\n<\/ul>\n<hr \/>\n<h2>Informaci\u00f3n sobre el cabezal de impresi\u00f3n de la Epson I3200<\/h2>\n<p><em>(Nota: O texto original menciona I1600 nas especifica\u00e7\u00f5es, mas detalha I3200 aqui. O conte\u00fado foi mantido como solicitado, sem altera\u00e7\u00f5es.)<\/em><\/p>\n<ul>\n<li class=\"translation-block\"><strong>Alta velocidad<\/strong>: Impresi\u00f3n r\u00e1pida con tecnolog\u00eda PrecisionCore.<\/li>\n<li><strong>Qualidade Superior:<\/strong> Cabe\u00e7a de impress\u00e3o com 1600 nozzles com 4 canais que utilizam 4 cores (CMYK) em alta resolu\u00e7\u00e3o com gota de tinta de 3,8pl ideal para impress\u00e3o de detalhes n\u00edtidos e uma segunda cabe\u00e7a de impress\u00e3o exclusivo para a tinta branca, aumentando a velocidade de cobertura.<\/li>\n<li class=\"translation-block\"><strong>Durabilidad<\/strong>: Soporta largos ciclos de producci\u00f3n.<\/li>\n<\/ul>\n<hr \/>\n<h2>Recursos adicionales<\/h2>\n<ul>\n<li class=\"translation-block\"><strong>Sistema de alarma de tinta baja<\/strong>: monitorea continuamente los niveles de tinta, evitando interrupciones en el trabajo.<\/li>\n<li><strong>Circula\u00e7\u00e3o e Agita\u00e7\u00e3o Autom\u00e1tica de Tinta Branca: <\/strong>Garante a uniformidade e consist\u00eancia das impress\u00f5es com tinta branca evitando que a tinta decante, aumentando assim a vida \u00fatil da cabe\u00e7a de impress\u00e3o.<\/li>\n<li><strong>Plataforma de Suc\u00e7\u00e3o com Luz LED: <\/strong>Facilita o posicionamento e a estabilidade do material durante a impress\u00e3o para um trabalho com alinhamento correto sem bordas brancas.<\/li>\n<li class=\"translation-block\"><strong>Funci\u00f3n de prevenci\u00f3n de colisi\u00f3n de cabezales<\/strong>: protege los cabezales de impresi\u00f3n, aumentando la durabilidad y confiabilidad del equipo.<\/li>\n<\/ul>\n<hr \/>\n<h2>Horno industrial<\/h2>\n<ul>\n<li><strong>Controle da aplica\u00e7\u00e3o do P\u00f3:<\/strong>\u00a0Forno com monitor touch screen proporcionando uma utiliza\u00e7\u00e3o f\u00e1cil e r\u00e1pida.<\/li>\n<li><strong>Aquecimento Superior:<\/strong>\u00a0Aquecimento atrav\u00e9s de resist\u00eancias de quartzo para uma melhor estabilidade de temperatura e derretimento uniforme do p\u00f3 adesivo.<\/li>\n<li><strong>Pot\u00eancia\/Voltagem:<\/strong>\u00a02,5KW\/220V Monof\u00e1sico\/Bif\u00e1sico<\/li>\n<li><strong>Peso do Forno:<\/strong>\u00a0100 kg<\/li>\n<li><strong>Peso do Forno Embalado:<\/strong>\u00a0120 kg<\/li>\n<li><strong>Dimens\u00f5es do Forno (CxLxA):<\/strong>\u00a01185 mm x 608 mm x 641 mm<\/li>\n<li><strong>Dimens\u00f5es do Forno Embalado (CxLxA):<\/strong>\u00a01150 mm x 700 mm x 700 mm<\/li>\n<\/ul>\n<hr \/>\n<h2>Filtro purificador<\/h2>\n<ul>\n<li><strong>Volume de Filtragem de Ar:<\/strong>\u00a0137m\u00b3\/h<\/li>\n<li><strong>Pot\u00eancia\/Voltagem:<\/strong>\u00a0100W\/220V Monof\u00e1sico\/Bif\u00e1sico<\/li>\n<li><strong>Peso para Filtro:<\/strong>\u00a024 kg<\/li>\n<li><strong>Peso do Filtro Embalado:<\/strong>\u00a032 kg<\/li>\n<li><strong>Dimens\u00f5es do Filtro (CxLxA):<\/strong>\u00a0334 mm (C) x 376 mm (L) x 706 mm (A)<\/li>\n<li><strong>Dimens\u00f5es do Filtro Embalado (CxLxA):<\/strong>\u00a0390 mm (C) x 430 mm (L) x 810 mm (A)<\/li>\n<\/ul>\n<hr \/>\n<h2>Beneficios<\/h2>\n<ul>\n<li><strong>Alta Velocidade de Impress\u00e3o:<\/strong>\u00a0Atinge at\u00e9 3 m\u00b2\/h, aumentando a produtividade com qualidade.<\/li>\n<li><strong>Precis\u00e3o e qualidade:<\/strong>\u00a0Resolu\u00e7\u00e3o de at\u00e9 2400 dpi, garantindo impress\u00f5es detalhadas e vibrantes.<\/li>\n<li><strong>Versatilidade:<\/strong>\u00a0Adequada para uma ampla gama de aplica\u00e7\u00f5es no setor t\u00eaxtil.<\/li>\n<li><strong>Tecnologia Avan\u00e7ada:<\/strong>\u00a0Recursos como agita\u00e7\u00e3o autom\u00e1tica de tinta branca e preven\u00e7\u00e3o de colis\u00e3o da cabe\u00e7a asseguram efici\u00eancia e durabilidade.<\/li>\n<\/ul>\n<p>Invista na\u00a0<strong>Impressora DTF T\u00eaxtil Teros Print 30CM<\/strong>\u00a0e eleve a qualidade das suas impress\u00f5es para um novo patamar. Perfeita para profissionais que buscam excel\u00eancia e efici\u00eancia em cada projeto.<\/p>","protected":false},"excerpt":{"rendered":"<p style=\"text-align: center; margin: 0;\"><a style=\"display: block; background-color: #25d366; color: white; padding: 10px 20px; text-align: center; text-decoration: none; border-radius: 5px; width: 100%; max-width: 300px; box-sizing: border-box;\" href=\"\/\/bit.ly\/3y0ups5\" target=\"_blank\" rel=\"noopener\">Cont\u00e1ctanos v\u00eda WhatsApp<\/a><\/p>\n<p>&nbsp;<\/p>\n<h4><strong>\u00a1Solicita una cotizaci\u00f3n ahora!<\/strong><\/p>\n<div class=\"wpforms-container wpforms-container-full wpforms-render-modern\" id=\"wpforms-28053\">\n<form id=\"wpforms-form-28053\" class=\"wpforms-validate wpforms-form wpforms-ajax-form\" data-formid=\"28053\" method=\"post\" enctype=\"multipart\/form-data\" action=\"\/es\/wp-json\/wp\/v2\/product\/27884\" data-token=\"c389aa55d2daeb9b5af41614e6eacd6f\" data-token-time=\"1778075054\" data-trp-original-action=\"\/es\/wp-json\/wp\/v2\/product\/27884\"><noscript class=\"wpforms-error-noscript\">Por favor, activa JavaScript en tu navegador para completar este formulario.<\/noscript><\/p>\n<div class=\"wpforms-hidden\" id=\"wpforms-error-noscript\">Por favor, activa JavaScript en tu navegador para completar este formulario.<\/div>\n<div class=\"wpforms-field-container\">\n<div id=\"wpforms-28053-field_5-container\" class=\"wpforms-field wpforms-field-text\" data-field-id=\"5\"><label class=\"wpforms-field-label wpforms-label-hide\" for=\"wpforms-28053-field_5\" aria-hidden=\"false\">Nome do Produto<\/label><input type=\"text\" id=\"wpforms-28053-field_5\" class=\"wpforms-field-large\" name=\"wpforms[fields][5]\" value=\"Interessado em: \" aria-errormessage=\"wpforms-28053-field_5-error\" ><\/div>\n<div id=\"wpforms-28053-field_1-container\" class=\"wpforms-field wpforms-field-name\" data-field-id=\"1\"><label class=\"wpforms-field-label wpforms-label-hide\" for=\"wpforms-28053-field_1\" aria-hidden=\"false\">Nome <span class=\"wpforms-required-label\" aria-hidden=\"true\">*<\/span><\/label><input type=\"text\" id=\"wpforms-28053-field_1\" class=\"wpforms-field-large wpforms-field-required\" name=\"wpforms[fields][1]\" placeholder=\"Su nombre\" aria-errormessage=\"wpforms-28053-field_1-error\" required><\/div>\n<div id=\"wpforms-28053-field_2-container\" class=\"wpforms-field wpforms-field-email\" data-field-id=\"2\"><label class=\"wpforms-field-label wpforms-label-hide\" for=\"wpforms-28053-field_2\" aria-hidden=\"false\">E-mail <span class=\"wpforms-required-label\" aria-hidden=\"true\">*<\/span><\/label><input type=\"email\" id=\"wpforms-28053-field_2\" class=\"wpforms-field-large wpforms-field-required\" name=\"wpforms[fields][2]\" placeholder=\"Introduce tu mejor email\" spellcheck=\"false\" aria-errormessage=\"wpforms-28053-field_2-error\" required><\/div>\n<div id=\"wpforms-28053-field_3-container\" class=\"wpforms-field wpforms-field-phone\" data-field-id=\"3\"><label class=\"wpforms-field-label\" for=\"wpforms-28053-field_3\">Tel\u00e9fono <span class=\"wpforms-required-label\" aria-hidden=\"true\">*<\/span><\/label><input type=\"tel\" id=\"wpforms-28053-field_3\" class=\"wpforms-field-large wpforms-field-required wpforms-smart-phone-field\" data-rule-smart-phone-field=\"true\" name=\"wpforms[fields][3]\" placeholder=\"Tel\u00e9fono o WhatsApp\" aria-errormessage=\"wpforms-28053-field_3-error\" required><\/div>\n<div id=\"wpforms-28053-field_6-container\" class=\"wpforms-field wpforms-field-text\" data-field-id=\"6\"><label class=\"wpforms-field-label wpforms-label-hide\" for=\"wpforms-28053-field_6\" aria-hidden=\"false\">Empresa<\/label><input type=\"text\" id=\"wpforms-28053-field_6\" class=\"wpforms-field-large\" name=\"wpforms[fields][6]\" value=\"Nome da sua empresa\" aria-errormessage=\"wpforms-28053-field_6-error\" ><\/div>\n<div id=\"wpforms-28053-field_7-container\" class=\"wpforms-field wpforms-field-text\" data-field-id=\"7\"><label class=\"wpforms-field-label wpforms-label-hide\" for=\"wpforms-28053-field_7\" aria-hidden=\"false\">Cidade\/Estado<\/label><input type=\"text\" id=\"wpforms-28053-field_7\" class=\"wpforms-field-medium\" name=\"wpforms[fields][7]\" placeholder=\"Nome da sua cidade e estado\" aria-errormessage=\"wpforms-28053-field_7-error\" ><\/div>\n<div id=\"wpforms-28053-field_4-container\" class=\"wpforms-field wpforms-field-textarea\" data-field-id=\"4\"><label class=\"wpforms-field-label wpforms-label-hide\" for=\"wpforms-28053-field_4\" aria-hidden=\"false\">\u00c1rea de texto<\/label><textarea id=\"wpforms-28053-field_4\" class=\"wpforms-field-medium\" name=\"wpforms[fields][4]\" placeholder=\"Escribe tu mensaje...\" aria-errormessage=\"wpforms-28053-field_4-error\" ><\/textarea><\/div>\n<div id=\"wpforms-28053-field_8-container\" class=\"wpforms-field wpforms-field-text\" data-field-id=\"8\"><label class=\"wpforms-field-label wpforms-label-hide\" for=\"wpforms-28053-field_8\" aria-hidden=\"false\">UTM Source<\/label><input type=\"text\" id=\"wpforms-28053-field_8\" class=\"wpforms-field-large\" name=\"wpforms[fields][8]\" value=\"Interessado em: \" aria-errormessage=\"wpforms-28053-field_8-error\" ><\/div>\n<div id=\"wpforms-28053-field_9-container\" class=\"wpforms-field wpforms-field-text\" data-field-id=\"9\"><label class=\"wpforms-field-label wpforms-label-hide\" for=\"wpforms-28053-field_9\" aria-hidden=\"false\">Campanha<\/label><input type=\"text\" id=\"wpforms-28053-field_9\" class=\"wpforms-field-large\" name=\"wpforms[fields][9]\" value=\"Interessado em: \" aria-errormessage=\"wpforms-28053-field_9-error\" ><\/div>\n<\/div>\n<p><!-- .wpforms-field-container --><\/p>\n<div class=\"wpforms-recaptcha-container wpforms-is-recaptcha wpforms-is-recaptcha-type-v3\" ><input type=\"hidden\" name=\"wpforms[recaptcha]\" value=\"\"><\/div>\n<div class=\"wpforms-submit-container\" ><input type=\"hidden\" name=\"wpforms[id]\" value=\"28053\"><input type=\"hidden\" name=\"page_title\" value=\"\"><input type=\"hidden\" name=\"page_url\" value=\"https:\/\/terosprint.com.br\/es\/wp-json\/wp\/v2\/product\/27884\"><button type=\"submit\" name=\"wpforms[submit]\" id=\"wpforms-submit-28053\" class=\"wpforms-submit\" data-alt-text=\"Enviando\u2026\" data-submit-text=\"Enviar\" aria-live=\"assertive\" value=\"wpforms-submit\">Enviar<\/button><img decoding=\"async\" src=\"https:\/\/terosprint.com.br\/wp-content\/plugins\/wpforms\/assets\/images\/submit-spin.svg\" class=\"wpforms-submit-spinner\" style=\"display: none;\" width=\"26\" height=\"26\" alt=\"Cargando\"><\/div>\n<input type=\"hidden\" name=\"trp-form-language\" value=\"es\"\/><\/form>\n<\/div>\n<p>  <!-- .wpforms-container --><\/h4>","protected":false},"featured_media":29760,"comment_status":"open","ping_status":"closed","template":"","meta":[],"product_brand":[],"product_cat":[75],"product_tag":[79],"class_list":{"0":"post-27884","1":"product","2":"type-product","3":"status-publish","4":"has-post-thumbnail","6":"product_cat-impressora-dtf","7":"product_tag-impressoras-dtf-textil","9":"first","10":"onbackorder","11":"taxable","12":"shipping-taxable","13":"product-type-simple"},"yoast_head":"<!-- This site is optimized with the Yoast SEO plugin v23.3 - https:\/\/yoast.com\/wordpress\/plugins\/seo\/ -->\n<title>Impressora DTF T\u00eaxtil Teros Print 30CM: 2 Cabe\u00e7as I1600 - Terosprint<\/title>\n<meta name=\"description\" content=\"Impressora DTF T\u00eaxtil Terosprint 60CM, ideal para aplica\u00e7\u00f5es profissionais com alta velocidade. Personalize roupas, acess\u00f3rios e decora\u00e7\u00e3o com qualidade.\" \/>\n<meta name=\"robots\" content=\"index, follow, max-snippet:-1, max-image-preview:large, max-video-preview:-1\" \/>\n<link rel=\"canonical\" href=\"https:\/\/terosprint.com.br\/es\/product\/impressora-dtf-textil-terosprint-30cm-cabeca-i1600\/\" \/>\n<meta property=\"og:locale\" content=\"es_ES\" \/>\n<meta property=\"og:type\" content=\"article\" \/>\n<meta property=\"og:title\" content=\"Impressora DTF T\u00eaxtil Teros Print 30CM: 2 Cabe\u00e7as I1600 - Terosprint\" \/>\n<meta property=\"og:description\" content=\"Impressora DTF T\u00eaxtil Terosprint 60CM, ideal para aplica\u00e7\u00f5es profissionais com alta velocidade. Personalize roupas, acess\u00f3rios e decora\u00e7\u00e3o com qualidade.\" \/>\n<meta property=\"og:url\" content=\"https:\/\/terosprint.com.br\/es\/product\/impressora-dtf-textil-terosprint-30cm-cabeca-i1600\/\" \/>\n<meta property=\"og:site_name\" content=\"Terosprint\" \/>\n<meta property=\"article:modified_time\" content=\"2026-05-05T11:25:29+00:00\" \/>\n<meta property=\"og:image\" content=\"https:\/\/terosprint.com.br\/wp-content\/uploads\/2024\/08\/Impressora-DTF-Textil.webp\" \/>\n\t<meta property=\"og:image:width\" content=\"1000\" \/>\n\t<meta property=\"og:image:height\" content=\"1000\" \/>\n\t<meta property=\"og:image:type\" content=\"image\/webp\" \/>\n<meta name=\"twitter:card\" content=\"summary_large_image\" \/>\n<meta name=\"twitter:label1\" content=\"Precio\" \/>\n\t<meta name=\"twitter:data1\" content=\"\" \/>\n\t<meta name=\"twitter:label2\" content=\"Disponibilidad\" \/>\n\t<meta name=\"twitter:data2\" content=\"Disponible para reservar\" \/>\n<script type=\"application\/ld+json\" class=\"yoast-schema-graph\">{\"@context\":\"https:\/\/schema.org\",\"@graph\":[{\"@type\":\"WebPage\",\"@id\":\"https:\/\/terosprint.com.br\/produto\/impressora-dtf-textil-terosprint-30cm-cabeca-i1600\/\",\"url\":\"https:\/\/terosprint.com.br\/produto\/impressora-dtf-textil-terosprint-30cm-cabeca-i1600\/\",\"name\":\"Impressora DTF T\u00eaxtil Teros Print 30CM: 2 Cabe\u00e7as I1600 - Terosprint\",\"isPartOf\":{\"@id\":\"https:\/\/terosprint.com.br\/#website\"},\"primaryImageOfPage\":{\"@id\":\"https:\/\/terosprint.com.br\/produto\/impressora-dtf-textil-terosprint-30cm-cabeca-i1600\/#primaryimage\"},\"image\":{\"@id\":\"https:\/\/terosprint.com.br\/produto\/impressora-dtf-textil-terosprint-30cm-cabeca-i1600\/#primaryimage\"},\"thumbnailUrl\":\"https:\/\/terosprint.com.br\/wp-content\/uploads\/2024\/08\/Impressora-DTF-Textil.webp\",\"datePublished\":\"2024-08-23T16:58:44+00:00\",\"dateModified\":\"2026-05-05T11:25:29+00:00\",\"description\":\"Impressora DTF T\u00eaxtil Terosprint 60CM, ideal para aplica\u00e7\u00f5es profissionais com alta velocidade. Personalize roupas, acess\u00f3rios e decora\u00e7\u00e3o com qualidade.\",\"breadcrumb\":{\"@id\":\"https:\/\/terosprint.com.br\/produto\/impressora-dtf-textil-terosprint-30cm-cabeca-i1600\/#breadcrumb\"},\"inLanguage\":\"es\",\"potentialAction\":[{\"@type\":\"ReadAction\",\"target\":[\"https:\/\/terosprint.com.br\/produto\/impressora-dtf-textil-terosprint-30cm-cabeca-i1600\/\"]}]},{\"@type\":\"ImageObject\",\"inLanguage\":\"es\",\"@id\":\"https:\/\/terosprint.com.br\/produto\/impressora-dtf-textil-terosprint-30cm-cabeca-i1600\/#primaryimage\",\"url\":\"https:\/\/terosprint.com.br\/wp-content\/uploads\/2024\/08\/Impressora-DTF-Textil.webp\",\"contentUrl\":\"https:\/\/terosprint.com.br\/wp-content\/uploads\/2024\/08\/Impressora-DTF-Textil.webp\",\"width\":1000,\"height\":1000},{\"@type\":\"BreadcrumbList\",\"@id\":\"https:\/\/terosprint.com.br\/produto\/impressora-dtf-textil-terosprint-30cm-cabeca-i1600\/#breadcrumb\",\"itemListElement\":[{\"@type\":\"ListItem\",\"position\":1,\"name\":\"In\u00edcio\",\"item\":\"https:\/\/terosprint.com.br\/\"},{\"@type\":\"ListItem\",\"position\":2,\"name\":\"Shop\",\"item\":\"https:\/\/terosprint.com.br\/shop\/\"},{\"@type\":\"ListItem\",\"position\":3,\"name\":\"Impressora DTF T\u00eaxtil Teros Print 30CM: 2 Cabe\u00e7as I1600\"}]},{\"@type\":\"WebSite\",\"@id\":\"https:\/\/terosprint.com.br\/#website\",\"url\":\"https:\/\/terosprint.com.br\/\",\"name\":\"Loja Terosprint - Voando em cores!\",\"description\":\"Voando em Cores!\",\"publisher\":{\"@id\":\"https:\/\/terosprint.com.br\/#organization\"},\"potentialAction\":[{\"@type\":\"SearchAction\",\"target\":{\"@type\":\"EntryPoint\",\"urlTemplate\":\"https:\/\/terosprint.com.br\/?s={search_term_string}\"},\"query-input\":\"required name=search_term_string\"}],\"inLanguage\":\"es\"},{\"@type\":\"Organization\",\"@id\":\"https:\/\/terosprint.com.br\/#organization\",\"name\":\"Loja Terosprint - Voando em cores!\",\"url\":\"https:\/\/terosprint.com.br\/\",\"logo\":{\"@type\":\"ImageObject\",\"inLanguage\":\"es\",\"@id\":\"https:\/\/terosprint.com.br\/#\/schema\/logo\/image\/\",\"url\":\"https:\/\/terosprint.com.br\/wp-content\/uploads\/2024\/08\/HORIZONTAL-MIXTO.png\",\"contentUrl\":\"https:\/\/terosprint.com.br\/wp-content\/uploads\/2024\/08\/HORIZONTAL-MIXTO.png\",\"width\":1956,\"height\":503,\"caption\":\"Loja Terosprint - Voando em cores!\"},\"image\":{\"@id\":\"https:\/\/terosprint.com.br\/#\/schema\/logo\/image\/\"},\"sameAs\":[\"https:\/\/www.youtube.com\/@TerosPrint\",\"https:\/\/www.instagram.com\/terosprint\/\"]}]}<\/script>\n<meta property=\"product:price:currency\" content=\"BRL\" \/>\n<meta property=\"og:availability\" content=\"backorder\" \/>\n<meta property=\"product:availability\" content=\"available for order\" \/>\n<meta property=\"product:retailer_item_id\" content=\"3071\" \/>\n<meta property=\"product:condition\" content=\"new\" \/>\n<!-- \/ Yoast SEO plugin. -->","yoast_head_json":{"title":"Impressora DTF T\u00eaxtil Teros Print 30CM: 2 Cabe\u00e7as I1600 - Terosprint","description":"Impressora DTF T\u00eaxtil Terosprint 60CM, ideal para aplica\u00e7\u00f5es profissionais com alta velocidade. Personalize roupas, acess\u00f3rios e decora\u00e7\u00e3o com qualidade.","robots":{"index":"index","follow":"follow","max-snippet":"max-snippet:-1","max-image-preview":"max-image-preview:large","max-video-preview":"max-video-preview:-1"},"canonical":"https:\/\/terosprint.com.br\/es\/product\/impressora-dtf-textil-terosprint-30cm-cabeca-i1600\/","og_locale":"es_ES","og_type":"article","og_title":"Impressora DTF T\u00eaxtil Teros Print 30CM: 2 Cabe\u00e7as I1600 - Terosprint","og_description":"Impressora DTF T\u00eaxtil Terosprint 60CM, ideal para aplica\u00e7\u00f5es profissionais com alta velocidade. Personalize roupas, acess\u00f3rios e decora\u00e7\u00e3o com qualidade.","og_url":"https:\/\/terosprint.com.br\/es\/product\/impressora-dtf-textil-terosprint-30cm-cabeca-i1600\/","og_site_name":"Terosprint","article_modified_time":"2026-05-05T11:25:29+00:00","og_image":[{"width":1000,"height":1000,"url":"https:\/\/terosprint.com.br\/wp-content\/uploads\/2024\/08\/Impressora-DTF-Textil.webp","type":"image\/webp"}],"twitter_card":"summary_large_image","twitter_misc":{"Precio":"","Disponibilidad":"Disponible para reservar"},"schema":{"@context":"https:\/\/schema.org","@graph":[{"@type":"WebPage","@id":"https:\/\/terosprint.com.br\/produto\/impressora-dtf-textil-terosprint-30cm-cabeca-i1600\/","url":"https:\/\/terosprint.com.br\/produto\/impressora-dtf-textil-terosprint-30cm-cabeca-i1600\/","name":"Impressora DTF T\u00eaxtil Teros Print 30CM: 2 Cabe\u00e7as I1600 - Terosprint","isPartOf":{"@id":"https:\/\/terosprint.com.br\/#website"},"primaryImageOfPage":{"@id":"https:\/\/terosprint.com.br\/produto\/impressora-dtf-textil-terosprint-30cm-cabeca-i1600\/#primaryimage"},"image":{"@id":"https:\/\/terosprint.com.br\/produto\/impressora-dtf-textil-terosprint-30cm-cabeca-i1600\/#primaryimage"},"thumbnailUrl":"https:\/\/terosprint.com.br\/wp-content\/uploads\/2024\/08\/Impressora-DTF-Textil.webp","datePublished":"2024-08-23T16:58:44+00:00","dateModified":"2026-05-05T11:25:29+00:00","description":"Impressora DTF T\u00eaxtil Terosprint 60CM, ideal para aplica\u00e7\u00f5es profissionais com alta velocidade. Personalize roupas, acess\u00f3rios e decora\u00e7\u00e3o com qualidade.","breadcrumb":{"@id":"https:\/\/terosprint.com.br\/produto\/impressora-dtf-textil-terosprint-30cm-cabeca-i1600\/#breadcrumb"},"inLanguage":"es","potentialAction":[{"@type":"ReadAction","target":["https:\/\/terosprint.com.br\/produto\/impressora-dtf-textil-terosprint-30cm-cabeca-i1600\/"]}]},{"@type":"ImageObject","inLanguage":"es","@id":"https:\/\/terosprint.com.br\/produto\/impressora-dtf-textil-terosprint-30cm-cabeca-i1600\/#primaryimage","url":"https:\/\/terosprint.com.br\/wp-content\/uploads\/2024\/08\/Impressora-DTF-Textil.webp","contentUrl":"https:\/\/terosprint.com.br\/wp-content\/uploads\/2024\/08\/Impressora-DTF-Textil.webp","width":1000,"height":1000},{"@type":"BreadcrumbList","@id":"https:\/\/terosprint.com.br\/produto\/impressora-dtf-textil-terosprint-30cm-cabeca-i1600\/#breadcrumb","itemListElement":[{"@type":"ListItem","position":1,"name":"In\u00edcio","item":"https:\/\/terosprint.com.br\/"},{"@type":"ListItem","position":2,"name":"Shop","item":"https:\/\/terosprint.com.br\/shop\/"},{"@type":"ListItem","position":3,"name":"Impressora DTF T\u00eaxtil Teros Print 30CM: 2 Cabe\u00e7as I1600"}]},{"@type":"WebSite","@id":"https:\/\/terosprint.com.br\/#website","url":"https:\/\/terosprint.com.br\/","name":"Loja Terosprint - Voando em cores!","description":"Voando em Cores!","publisher":{"@id":"https:\/\/terosprint.com.br\/#organization"},"potentialAction":[{"@type":"SearchAction","target":{"@type":"EntryPoint","urlTemplate":"https:\/\/terosprint.com.br\/?s={search_term_string}"},"query-input":"required name=search_term_string"}],"inLanguage":"es"},{"@type":"Organization","@id":"https:\/\/terosprint.com.br\/#organization","name":"Loja Terosprint - Voando em cores!","url":"https:\/\/terosprint.com.br\/","logo":{"@type":"ImageObject","inLanguage":"es","@id":"https:\/\/terosprint.com.br\/#\/schema\/logo\/image\/","url":"https:\/\/terosprint.com.br\/wp-content\/uploads\/2024\/08\/HORIZONTAL-MIXTO.png","contentUrl":"https:\/\/terosprint.com.br\/wp-content\/uploads\/2024\/08\/HORIZONTAL-MIXTO.png","width":1956,"height":503,"caption":"Loja Terosprint - Voando em cores!"},"image":{"@id":"https:\/\/terosprint.com.br\/#\/schema\/logo\/image\/"},"sameAs":["https:\/\/www.youtube.com\/@TerosPrint","https:\/\/www.instagram.com\/terosprint\/"]}]},"product_price_currency":"BRL","og_availability":"backorder","product_availability":"available for order","product_retailer_item_id":"3071","product_condition":"new"},"_links":{"self":[{"href":"https:\/\/terosprint.com.br\/es\/wp-json\/wp\/v2\/product\/27884","targetHints":{"allow":["GET"]}}],"collection":[{"href":"https:\/\/terosprint.com.br\/es\/wp-json\/wp\/v2\/product"}],"about":[{"href":"https:\/\/terosprint.com.br\/es\/wp-json\/wp\/v2\/types\/product"}],"replies":[{"embeddable":true,"href":"https:\/\/terosprint.com.br\/es\/wp-json\/wp\/v2\/comments?post=27884"}],"version-history":[{"count":0,"href":"https:\/\/terosprint.com.br\/es\/wp-json\/wp\/v2\/product\/27884\/revisions"}],"wp:featuredmedia":[{"embeddable":true,"href":"https:\/\/terosprint.com.br\/es\/wp-json\/wp\/v2\/media\/29760"}],"wp:attachment":[{"href":"https:\/\/terosprint.com.br\/es\/wp-json\/wp\/v2\/media?parent=27884"}],"wp:term":[{"taxonomy":"product_brand","embeddable":true,"href":"https:\/\/terosprint.com.br\/es\/wp-json\/wp\/v2\/product_brand?post=27884"},{"taxonomy":"product_cat","embeddable":true,"href":"https:\/\/terosprint.com.br\/es\/wp-json\/wp\/v2\/product_cat?post=27884"},{"taxonomy":"product_tag","embeddable":true,"href":"https:\/\/terosprint.com.br\/es\/wp-json\/wp\/v2\/product_tag?post=27884"}],"curies":[{"name":"wp","href":"https:\/\/api.w.org\/{rel}","templated":true}]}}