{"id":11,"date":"2024-08-23T10:38:27","date_gmt":"2024-08-23T13:38:27","guid":{"rendered":"https:\/\/loja.terosprint.com.br\/?page_id=11"},"modified":"2024-08-30T10:46:55","modified_gmt":"2024-08-30T13:46:55","slug":"carrinho","status":"publish","type":"page","link":"https:\/\/terosprint.com.br\/es\/carrinho\/","title":{"rendered":"Carrinho"},"content":{"rendered":"","protected":false},"excerpt":{"rendered":"","protected":false},"author":1,"featured_media":0,"parent":0,"menu_order":0,"comment_status":"closed","ping_status":"closed","template":"","meta":{"footnotes":""},"class_list":["post-11","page","type-page","status-publish","hentry"],"yoast_head":"<!-- This site is optimized with the Yoast SEO plugin v23.3 - https:\/\/yoast.com\/wordpress\/plugins\/seo\/ -->\n<title>Carrinho de Compras - Terosprint<\/title>\n<meta name=\"description\" content=\"Carrinho de Compras - Terosprint, Produtos para Sublima\u00e7\u00e3o e DTF. Finalize a compra de produtos com seguran\u00e7a e rapidez.\" \/>\n<meta name=\"robots\" content=\"index, follow, max-snippet:-1, max-image-preview:large, max-video-preview:-1\" \/>\n<link rel=\"canonical\" href=\"https:\/\/terosprint.com.br\/es\/carrinho\/\" \/>\n<meta property=\"og:locale\" content=\"es_ES\" \/>\n<meta property=\"og:type\" content=\"article\" \/>\n<meta property=\"og:title\" content=\"Carrinho de Compras - Terosprint\" \/>\n<meta property=\"og:description\" content=\"Carrinho de Compras - Terosprint, Produtos para Sublima\u00e7\u00e3o e DTF. Finalize a compra de produtos com seguran\u00e7a e rapidez.\" \/>\n<meta property=\"og:url\" content=\"https:\/\/terosprint.com.br\/es\/carrinho\/\" \/>\n<meta property=\"og:site_name\" content=\"Terosprint\" \/>\n<meta property=\"article:modified_time\" content=\"2024-08-30T13:46:55+00:00\" \/>\n<meta name=\"twitter:card\" content=\"summary_large_image\" \/>\n<meta name=\"twitter:label1\" content=\"Tiempo de lectura\" \/>\n\t<meta name=\"twitter:data1\" content=\"1 minuto\" \/>\n<script type=\"application\/ld+json\" class=\"yoast-schema-graph\">{\"@context\":\"https:\/\/schema.org\",\"@graph\":[{\"@type\":\"WebPage\",\"@id\":\"https:\/\/terosprint.com.br\/carrinho\/\",\"url\":\"https:\/\/terosprint.com.br\/carrinho\/\",\"name\":\"Carrinho de Compras - Terosprint\",\"isPartOf\":{\"@id\":\"https:\/\/terosprint.com.br\/#website\"},\"datePublished\":\"2024-08-23T13:38:27+00:00\",\"dateModified\":\"2024-08-30T13:46:55+00:00\",\"description\":\"Carrinho de Compras - Terosprint, Produtos para Sublima\u00e7\u00e3o e DTF. Finalize a compra de produtos com seguran\u00e7a e rapidez.\",\"breadcrumb\":{\"@id\":\"https:\/\/terosprint.com.br\/carrinho\/#breadcrumb\"},\"inLanguage\":\"es\",\"potentialAction\":[{\"@type\":\"ReadAction\",\"target\":[\"https:\/\/terosprint.com.br\/carrinho\/\"]}]},{\"@type\":\"BreadcrumbList\",\"@id\":\"https:\/\/terosprint.com.br\/carrinho\/#breadcrumb\",\"itemListElement\":[{\"@type\":\"ListItem\",\"position\":1,\"name\":\"In\u00edcio\",\"item\":\"https:\/\/terosprint.com.br\/\"},{\"@type\":\"ListItem\",\"position\":2,\"name\":\"Carrinho\"}]},{\"@type\":\"WebSite\",\"@id\":\"https:\/\/terosprint.com.br\/#website\",\"url\":\"https:\/\/terosprint.com.br\/\",\"name\":\"Loja Terosprint - Voando em cores!\",\"description\":\"Voando em Cores!\",\"publisher\":{\"@id\":\"https:\/\/terosprint.com.br\/#organization\"},\"potentialAction\":[{\"@type\":\"SearchAction\",\"target\":{\"@type\":\"EntryPoint\",\"urlTemplate\":\"https:\/\/terosprint.com.br\/?s={search_term_string}\"},\"query-input\":\"required name=search_term_string\"}],\"inLanguage\":\"es\"},{\"@type\":\"Organization\",\"@id\":\"https:\/\/terosprint.com.br\/#organization\",\"name\":\"Loja Terosprint - Voando em cores!\",\"url\":\"https:\/\/terosprint.com.br\/\",\"logo\":{\"@type\":\"ImageObject\",\"inLanguage\":\"es\",\"@id\":\"https:\/\/terosprint.com.br\/#\/schema\/logo\/image\/\",\"url\":\"https:\/\/terosprint.com.br\/wp-content\/uploads\/2024\/08\/HORIZONTAL-MIXTO.png\",\"contentUrl\":\"https:\/\/terosprint.com.br\/wp-content\/uploads\/2024\/08\/HORIZONTAL-MIXTO.png\",\"width\":1956,\"height\":503,\"caption\":\"Loja Terosprint - Voando em cores!\"},\"image\":{\"@id\":\"https:\/\/terosprint.com.br\/#\/schema\/logo\/image\/\"},\"sameAs\":[\"https:\/\/www.youtube.com\/@TerosPrint\",\"https:\/\/www.instagram.com\/terosprint\/\"]}]}<\/script>\n<!-- \/ Yoast SEO plugin. -->","yoast_head_json":{"title":"Carrinho de Compras - Terosprint","description":"Carrinho de Compras - Terosprint, Produtos para Sublima\u00e7\u00e3o e DTF. Finalize a compra de produtos com seguran\u00e7a e rapidez.","robots":{"index":"index","follow":"follow","max-snippet":"max-snippet:-1","max-image-preview":"max-image-preview:large","max-video-preview":"max-video-preview:-1"},"canonical":"https:\/\/terosprint.com.br\/es\/carrinho\/","og_locale":"es_ES","og_type":"article","og_title":"Carrinho de Compras - Terosprint","og_description":"Carrinho de Compras - Terosprint, Produtos para Sublima\u00e7\u00e3o e DTF. Finalize a compra de produtos com seguran\u00e7a e rapidez.","og_url":"https:\/\/terosprint.com.br\/es\/carrinho\/","og_site_name":"Terosprint","article_modified_time":"2024-08-30T13:46:55+00:00","twitter_card":"summary_large_image","twitter_misc":{"Tiempo de lectura":"1 minuto"},"schema":{"@context":"https:\/\/schema.org","@graph":[{"@type":"WebPage","@id":"https:\/\/terosprint.com.br\/carrinho\/","url":"https:\/\/terosprint.com.br\/carrinho\/","name":"Carrinho de Compras - Terosprint","isPartOf":{"@id":"https:\/\/terosprint.com.br\/#website"},"datePublished":"2024-08-23T13:38:27+00:00","dateModified":"2024-08-30T13:46:55+00:00","description":"Carrinho de Compras - Terosprint, Produtos para Sublima\u00e7\u00e3o e DTF. Finalize a compra de produtos com seguran\u00e7a e rapidez.","breadcrumb":{"@id":"https:\/\/terosprint.com.br\/carrinho\/#breadcrumb"},"inLanguage":"es","potentialAction":[{"@type":"ReadAction","target":["https:\/\/terosprint.com.br\/carrinho\/"]}]},{"@type":"BreadcrumbList","@id":"https:\/\/terosprint.com.br\/carrinho\/#breadcrumb","itemListElement":[{"@type":"ListItem","position":1,"name":"In\u00edcio","item":"https:\/\/terosprint.com.br\/"},{"@type":"ListItem","position":2,"name":"Carrinho"}]},{"@type":"WebSite","@id":"https:\/\/terosprint.com.br\/#website","url":"https:\/\/terosprint.com.br\/","name":"Loja Terosprint - Voando em cores!","description":"Voando em Cores!","publisher":{"@id":"https:\/\/terosprint.com.br\/#organization"},"potentialAction":[{"@type":"SearchAction","target":{"@type":"EntryPoint","urlTemplate":"https:\/\/terosprint.com.br\/?s={search_term_string}"},"query-input":"required name=search_term_string"}],"inLanguage":"es"},{"@type":"Organization","@id":"https:\/\/terosprint.com.br\/#organization","name":"Loja Terosprint - Voando em cores!","url":"https:\/\/terosprint.com.br\/","logo":{"@type":"ImageObject","inLanguage":"es","@id":"https:\/\/terosprint.com.br\/#\/schema\/logo\/image\/","url":"https:\/\/terosprint.com.br\/wp-content\/uploads\/2024\/08\/HORIZONTAL-MIXTO.png","contentUrl":"https:\/\/terosprint.com.br\/wp-content\/uploads\/2024\/08\/HORIZONTAL-MIXTO.png","width":1956,"height":503,"caption":"Loja Terosprint - Voando em cores!"},"image":{"@id":"https:\/\/terosprint.com.br\/#\/schema\/logo\/image\/"},"sameAs":["https:\/\/www.youtube.com\/@TerosPrint","https:\/\/www.instagram.com\/terosprint\/"]}]}},"_links":{"self":[{"href":"https:\/\/terosprint.com.br\/es\/wp-json\/wp\/v2\/pages\/11","targetHints":{"allow":["GET"]}}],"collection":[{"href":"https:\/\/terosprint.com.br\/es\/wp-json\/wp\/v2\/pages"}],"about":[{"href":"https:\/\/terosprint.com.br\/es\/wp-json\/wp\/v2\/types\/page"}],"author":[{"embeddable":true,"href":"https:\/\/terosprint.com.br\/es\/wp-json\/wp\/v2\/users\/1"}],"replies":[{"embeddable":true,"href":"https:\/\/terosprint.com.br\/es\/wp-json\/wp\/v2\/comments?post=11"}],"version-history":[{"count":0,"href":"https:\/\/terosprint.com.br\/es\/wp-json\/wp\/v2\/pages\/11\/revisions"}],"wp:attachment":[{"href":"https:\/\/terosprint.com.br\/es\/wp-json\/wp\/v2\/media?parent=11"}],"curies":[{"name":"wp","href":"https:\/\/api.w.org\/{rel}","templated":true}]}}