{"id":28135,"date":"2024-08-27T11:17:05","date_gmt":"2024-08-27T14:17:05","guid":{"rendered":"https:\/\/loja.terosprint.com.br\/?post_type=product&#038;p=28135"},"modified":"2026-05-06T05:37:45","modified_gmt":"2026-05-06T08:37:45","slug":"impressora-dtf-textil-terosprint-60cm-02-cabecas-i3200","status":"publish","type":"product","link":"https:\/\/terosprint.com.br\/en\/product\/impressora-dtf-textil-terosprint-60cm-02-cabecas-i3200\/","title":{"rendered":"Teros Print 60CM 2 Heads I3200 Textile DTF Printer"},"content":{"rendered":"<h1><span style=\"font-size: 24pt;\">Impressora DTF t\u00eaxtil Teros Print 60CM 2 Cabe\u00e7as Epson I3200<\/span><\/h1>\n<p>A Impressora DTF Teros Print 60 cm \u00e9 a escolha ideal para quem busca qualidade superior, agilidade e versatilidade em impress\u00f5es profissionais. Desenvolvida para atender diferentes demandas do mercado, ela permite criar estampas de alto impacto para tecidos de decora\u00e7\u00e3o, como almofadas personalizadas que valorizam e fortalecem a identidade da sua marca. Tamb\u00e9m \u00e9 perfeita para roupas esportivas, possibilitando a personaliza\u00e7\u00e3o de uniformes com bras\u00f5es, n\u00fameros e nomes em DTF, com excelente resist\u00eancia ao uso intenso e \u00e0s lavagens frequentes. Al\u00e9m disso, oferece ampla aplica\u00e7\u00e3o na personaliza\u00e7\u00e3o de bolsas, sacolas e mochilas, adaptando-se a diversos materiais, como nylon 600, TNT, algod\u00e3o cru, couro, entre outros, garantindo resultados dur\u00e1veis e acabamento profissional.<\/p>\n<h2>Specifications<\/h2>\n<ul>\n<li><strong>Largura M\u00e1xima de Impress\u00e3o:<\/strong>\u00a058cm.<\/li>\n<li><strong>Velocidade de Impress\u00e3o:<\/strong>\n<ul>\n<li><strong>4 Passes:<\/strong>\u00a0720\u00d71200 dpi, 10-15m\u00b2\/h<\/li>\n<li><strong>6 Passes:<\/strong>\u00a0720\u00d71800 dpi, 5-10m\u00b2\/h<\/li>\n<\/ul>\n<\/li>\n<li><strong>Cabe\u00e7as de Impress\u00e3o:<\/strong>\u00a0Equipado com 2 cabe\u00e7as originais Epson I3200, oferecendo alta velocidade e precis\u00e3o.<\/li>\n<li><strong>Resolu\u00e7\u00e3o de Impress\u00e3o:<\/strong>\u00a0720x1200dpi, 720x1800dpi, 720x2400dpi.<\/li>\n<li><strong>RIP de software:<\/strong>\u00a0PrintFactory. (licen\u00e7a vital\u00edcia)<\/li>\n<li><strong>Sistema Operacional Compat\u00edvel:<\/strong>\u00a0Windows 10 e Windows 11.<\/li>\n<li><strong>Pot\u00eancia\/Voltagem:<\/strong>\u00a01,5KW\/220V Monof\u00e1sico\/Bif\u00e1sico.<\/li>\n<li><strong>Interface de Impress\u00e3o:<\/strong>\u00a0Porta de rede Gigabit.<\/li>\n<li><strong>Sistema de Alimenta\u00e7\u00e3o:<\/strong>\u00a0Rolo a rolo. Acompanha rebobinador de m\u00eddia (Take-Up).<\/li>\n<\/ul>\n<h2>Dimens\u00f5es da Impressora<\/h2>\n<ul>\n<li><strong>Peso da Impressora:<\/strong>\u00a0150kg<\/li>\n<li><strong>Dimens\u00f5es da Impressora (CxLxA):<\/strong>\u00a01336 mm x 658 mm x 1400 mm<\/li>\n<li><strong>Dimens\u00f5es da Impressora Embalada (CxLxA):<\/strong>\u00a01464 mm x 1000 mm x 711 mm<\/li>\n<\/ul>\n<h2>Epson I3200 Print Head Information<\/h2>\n<ul>\n<li><strong>Alta Velocidade:<\/strong>\u00a0Impress\u00e3o r\u00e1pida com tecnologia PrecisionCore.<\/li>\n<li><strong>Qualidade Superior:<\/strong>\u00a0Cabe\u00e7a de impress\u00e3o com 3.200 nozzles com 8 canais que utilizam 4 cores (CMYK) em alta resolu\u00e7\u00e3o com gota de tinta de 3,8pl ideal para impress\u00e3o de detalhes n\u00edtidos e uma segunda cabe\u00e7a de impress\u00e3o exclusiva para a tinta branca, aumentando a velocidade de cobertura.<\/li>\n<li><strong>Durabilidade:<\/strong>\u00a0Suporta longos ciclos de produ\u00e7\u00e3o.<\/li>\n<\/ul>\n<h2>Additional Resources<\/h2>\n<ul>\n<li><strong>Sistema de Alarme de Falta de Tinta:<\/strong>\u00a0Monitora continuamente os n\u00edveis de tinta, evitando interrup\u00e7\u00f5es no trabalho.<\/li>\n<li><strong>Circula\u00e7\u00e3o e Agita\u00e7\u00e3o Autom\u00e1tica de Tinta Branca:<\/strong>\u00a0Garante a uniformidade e consist\u00eancia das impress\u00f5es com tinta branca evitando que a tinta decante, aumentando assim a vida \u00fatil da cabe\u00e7a de impress\u00e3o.<\/li>\n<li><strong>Plataforma de Suc\u00e7\u00e3o com Luz LED:<\/strong>\u00a0Facilita o posicionamento e a estabilidade do material durante a impress\u00e3o para um trabalho com alinhamento correto sem bordas brancas.<\/li>\n<li><strong>Fun\u00e7\u00e3o de Preven\u00e7\u00e3o de Colis\u00e3o da Cabe\u00e7a:<\/strong>\u00a0Protege as cabe\u00e7as de impress\u00e3o, aumentando a durabilidade e confiabilidade do equipamento.<\/li>\n<li><strong>Alavanca com acionamento el\u00e9trico:<\/strong>\u00a0Posicionamento do rolo do filme de forma pr\u00e1tica atrav\u00e9s de acionamento el\u00e9trico por bot\u00e3o.<\/li>\n<li><strong>Suporte de Monitor e Host:<\/strong>\u00a0Suporte para computador acoplado \u00e0 impressora, ideal para aproveitamento de espa\u00e7o no ambiente de impress\u00e3o.<\/li>\n<\/ul>\n<h2>Industrial Oven<\/h2>\n<ul>\n<li><strong>Forno aplicador de p\u00f3 com sistema de esteira transportadora e suc\u00e7\u00e3o:<\/strong>\u00a0Ideal para confec\u00e7\u00e3o de pe\u00e7as piloto e agilidade no in\u00edcio do processo sem desperd\u00edcio de filme.<\/li>\n<li><strong>Placa de Calor Frontal:<\/strong>\u00a0Proporciona uma secagem r\u00e1pida e uniforme das impress\u00f5es evitando \u00f3leo no DTF.<\/li>\n<li><strong>Esteira transportadora:<\/strong>\u00a0Garante um fluxo cont\u00ednuo e eficiente durante o processo de secagem eliminando a necessidade de filme guia.<\/li>\n<li><strong>Pot\u00eancia \/ Voltagem:<\/strong>\u00a05KW \u2013 220V Monof\u00e1sico \/ Bif\u00e1sico<\/li>\n<li><strong>Dimens\u00f5es do Forno (CxLxA):<\/strong>\u00a0620mm x 912mm x 929mm<\/li>\n<li><strong>Peso do Forno:<\/strong>\u00a0180 kg<\/li>\n<li><strong>Dimens\u00f5es do Forno Embalado (CxLxA):<\/strong>\u00a01420mm x 1120mm x 1133mm<\/li>\n<\/ul>\n<h2>Filtro Purificador<\/h2>\n<ul>\n<li><strong>Volume de Filtragem de Ar:<\/strong>\u00a0170m\u00b3\/h<\/li>\n<li><strong>Pot\u00eancia \/ Voltagem:<\/strong>\u00a0100W \u2013 220V Monof\u00e1sico \/ Bif\u00e1sico<\/li>\n<li><strong>Dimens\u00f5es do Filtro (CxLxA):<\/strong>\u00a0500mm x 596mm x 935mm<\/li>\n<li><strong>Peso do Filtro:<\/strong>\u00a080 kg<\/li>\n<li><strong>Dimens\u00f5es do Filtro Embalado (CxLxA):<\/strong>\u00a0590mm x 645mm x 1060mm<\/li>\n<\/ul>\n<h2>Benefits<\/h2>\n<ul>\n<li><strong>Alta Velocidade de Impress\u00e3o:<\/strong>\u00a0Atinge at\u00e9 15 m\u00b2\/h, aumentando a produtividade com qualidade.<\/li>\n<li><strong>Precis\u00e3o e qualidade:<\/strong>\u00a0Resolu\u00e7\u00e3o de at\u00e9 720\u00d72400 dpi, garantindo impress\u00f5es detalhadas e vibrantes.<\/li>\n<li><strong>Versatilidade:<\/strong>\u00a0Adequada para uma ampla gama de aplica\u00e7\u00f5es no setor t\u00eaxtil.<\/li>\n<li><strong>Tecnologia Avan\u00e7ada:<\/strong>\u00a0Recursos como agita\u00e7\u00e3o autom\u00e1tica de tinta branca e preven\u00e7\u00e3o de colis\u00e3o da cabe\u00e7a asseguram efici\u00eancia e durabilidade.<\/li>\n<\/ul>\n<p>Invista na\u00a0<strong>Impressora DTF T\u00eaxtil Teros Print 60CM<\/strong>\u00a0e experimente um novo n\u00edvel de efici\u00eancia e qualidade em suas impress\u00f5es. Perfeita para profissionais que exigem o melhor em cada projeto.<\/p>","protected":false},"excerpt":{"rendered":"<p style=\"text-align: center; margin: 0;\"><a style=\"display: block; background-color: #25d366; color: white; padding: 10px 20px; text-align: center; text-decoration: none; border-radius: 5px; width: 100%; max-width: 300px; box-sizing: border-box;\" href=\"\/\/bit.ly\/3y0ups5\" target=\"_blank\" rel=\"noopener\">Contact us via WhatsApp<\/a><\/p>\n<p>&nbsp;<\/p>\n<h4><strong>Request a quote now!<\/strong><\/p>\n<div class=\"wpforms-container wpforms-container-full wpforms-render-modern\" id=\"wpforms-28053\">\n<form id=\"wpforms-form-28053\" class=\"wpforms-validate wpforms-form wpforms-ajax-form\" data-formid=\"28053\" method=\"post\" enctype=\"multipart\/form-data\" action=\"\/en\/wp-json\/wp\/v2\/product\/28135\" data-token=\"c389aa55d2daeb9b5af41614e6eacd6f\" data-token-time=\"1778075061\" data-trp-original-action=\"\/en\/wp-json\/wp\/v2\/product\/28135\"><noscript class=\"wpforms-error-noscript\">Please enable JavaScript in your browser to complete this form.<\/noscript><\/p>\n<div class=\"wpforms-hidden\" id=\"wpforms-error-noscript\">Please enable JavaScript in your browser to complete this form.<\/div>\n<div class=\"wpforms-field-container\">\n<div id=\"wpforms-28053-field_5-container\" class=\"wpforms-field wpforms-field-text\" data-field-id=\"5\"><label class=\"wpforms-field-label wpforms-label-hide\" for=\"wpforms-28053-field_5\" aria-hidden=\"false\">Nome do Produto<\/label><input type=\"text\" id=\"wpforms-28053-field_5\" class=\"wpforms-field-large\" name=\"wpforms[fields][5]\" value=\"Interessado em: \" aria-errormessage=\"wpforms-28053-field_5-error\" ><\/div>\n<div id=\"wpforms-28053-field_1-container\" class=\"wpforms-field wpforms-field-name\" data-field-id=\"1\"><label class=\"wpforms-field-label wpforms-label-hide\" for=\"wpforms-28053-field_1\" aria-hidden=\"false\">Nome <span class=\"wpforms-required-label\" aria-hidden=\"true\">*<\/span><\/label><input type=\"text\" id=\"wpforms-28053-field_1\" class=\"wpforms-field-large wpforms-field-required\" name=\"wpforms[fields][1]\" placeholder=\"Your name\" aria-errormessage=\"wpforms-28053-field_1-error\" required><\/div>\n<div id=\"wpforms-28053-field_2-container\" class=\"wpforms-field wpforms-field-email\" data-field-id=\"2\"><label class=\"wpforms-field-label wpforms-label-hide\" for=\"wpforms-28053-field_2\" aria-hidden=\"false\">E-mail <span class=\"wpforms-required-label\" aria-hidden=\"true\">*<\/span><\/label><input type=\"email\" id=\"wpforms-28053-field_2\" class=\"wpforms-field-large wpforms-field-required\" name=\"wpforms[fields][2]\" placeholder=\"Enter your best email\" spellcheck=\"false\" aria-errormessage=\"wpforms-28053-field_2-error\" required><\/div>\n<div id=\"wpforms-28053-field_3-container\" class=\"wpforms-field wpforms-field-phone\" data-field-id=\"3\"><label class=\"wpforms-field-label\" for=\"wpforms-28053-field_3\">Phone <span class=\"wpforms-required-label\" aria-hidden=\"true\">*<\/span><\/label><input type=\"tel\" id=\"wpforms-28053-field_3\" class=\"wpforms-field-large wpforms-field-required wpforms-smart-phone-field\" data-rule-smart-phone-field=\"true\" name=\"wpforms[fields][3]\" placeholder=\"Phone or WhatsApp\" aria-errormessage=\"wpforms-28053-field_3-error\" required><\/div>\n<div id=\"wpforms-28053-field_6-container\" class=\"wpforms-field wpforms-field-text\" data-field-id=\"6\"><label class=\"wpforms-field-label wpforms-label-hide\" for=\"wpforms-28053-field_6\" aria-hidden=\"false\">Empresa<\/label><input type=\"text\" id=\"wpforms-28053-field_6\" class=\"wpforms-field-large\" name=\"wpforms[fields][6]\" value=\"Nome da sua empresa\" aria-errormessage=\"wpforms-28053-field_6-error\" ><\/div>\n<div id=\"wpforms-28053-field_7-container\" class=\"wpforms-field wpforms-field-text\" data-field-id=\"7\"><label class=\"wpforms-field-label wpforms-label-hide\" for=\"wpforms-28053-field_7\" aria-hidden=\"false\">Cidade\/Estado<\/label><input type=\"text\" id=\"wpforms-28053-field_7\" class=\"wpforms-field-medium\" name=\"wpforms[fields][7]\" placeholder=\"Nome da sua cidade e estado\" aria-errormessage=\"wpforms-28053-field_7-error\" ><\/div>\n<div id=\"wpforms-28053-field_4-container\" class=\"wpforms-field wpforms-field-textarea\" data-field-id=\"4\"><label class=\"wpforms-field-label wpforms-label-hide\" for=\"wpforms-28053-field_4\" aria-hidden=\"false\">\u00c1rea de texto<\/label><textarea id=\"wpforms-28053-field_4\" class=\"wpforms-field-medium\" name=\"wpforms[fields][4]\" placeholder=\"Write your message...\" aria-errormessage=\"wpforms-28053-field_4-error\" ><\/textarea><\/div>\n<div id=\"wpforms-28053-field_8-container\" class=\"wpforms-field wpforms-field-text\" data-field-id=\"8\"><label class=\"wpforms-field-label wpforms-label-hide\" for=\"wpforms-28053-field_8\" aria-hidden=\"false\">UTM Source<\/label><input type=\"text\" id=\"wpforms-28053-field_8\" class=\"wpforms-field-large\" name=\"wpforms[fields][8]\" value=\"Interessado em: \" aria-errormessage=\"wpforms-28053-field_8-error\" ><\/div>\n<div id=\"wpforms-28053-field_9-container\" class=\"wpforms-field wpforms-field-text\" data-field-id=\"9\"><label class=\"wpforms-field-label wpforms-label-hide\" for=\"wpforms-28053-field_9\" aria-hidden=\"false\">Campanha<\/label><input type=\"text\" id=\"wpforms-28053-field_9\" class=\"wpforms-field-large\" name=\"wpforms[fields][9]\" value=\"Interessado em: \" aria-errormessage=\"wpforms-28053-field_9-error\" ><\/div>\n<\/div>\n<p><!-- .wpforms-field-container --><\/p>\n<div class=\"wpforms-recaptcha-container wpforms-is-recaptcha wpforms-is-recaptcha-type-v3\" ><input type=\"hidden\" name=\"wpforms[recaptcha]\" value=\"\"><\/div>\n<div class=\"wpforms-submit-container\" ><input type=\"hidden\" name=\"wpforms[id]\" value=\"28053\"><input type=\"hidden\" name=\"page_title\" value=\"\"><input type=\"hidden\" name=\"page_url\" value=\"https:\/\/terosprint.com.br\/en\/wp-json\/wp\/v2\/product\/28135\"><button type=\"submit\" name=\"wpforms[submit]\" id=\"wpforms-submit-28053\" class=\"wpforms-submit\" data-alt-text=\"Enviando\u2026\" data-submit-text=\"Enviar\" aria-live=\"assertive\" value=\"wpforms-submit\">Send<\/button><img decoding=\"async\" src=\"https:\/\/terosprint.com.br\/wp-content\/plugins\/wpforms\/assets\/images\/submit-spin.svg\" class=\"wpforms-submit-spinner\" style=\"display: none;\" width=\"26\" height=\"26\" alt=\"Loading\"><\/div>\n<input type=\"hidden\" name=\"trp-form-language\" value=\"en\"\/><\/form>\n<\/div>\n<p>  <!-- .wpforms-container --><\/h4>","protected":false},"featured_media":29755,"comment_status":"open","ping_status":"closed","template":"","meta":[],"product_brand":[],"product_cat":[75],"product_tag":[79],"class_list":{"0":"post-28135","1":"product","2":"type-product","3":"status-publish","4":"has-post-thumbnail","6":"product_cat-impressora-dtf","7":"product_tag-impressoras-dtf-textil","9":"first","10":"onbackorder","11":"taxable","12":"shipping-taxable","13":"product-type-simple"},"yoast_head":"<!-- This site is optimized with the Yoast SEO plugin v23.3 - https:\/\/yoast.com\/wordpress\/plugins\/seo\/ -->\n<title>Impressora DTF t\u00eaxtil Teros Print 60CM 2 Cabe\u00e7as I3200 - Terosprint<\/title>\n<meta name=\"description\" content=\"Impressora DTF T\u00eaxtil Terosprint 60CM 2 cabe\u00e7as Epson I3200, ideal para aplica\u00e7\u00f5es profissionais com alta velocidade. Personalize roupas, acess\u00f3rios e mais.\" \/>\n<meta name=\"robots\" content=\"index, follow, max-snippet:-1, max-image-preview:large, max-video-preview:-1\" \/>\n<link rel=\"canonical\" href=\"https:\/\/terosprint.com.br\/en\/product\/impressora-dtf-textil-terosprint-60cm-02-cabecas-i3200\/\" \/>\n<meta property=\"og:locale\" content=\"en_US\" \/>\n<meta property=\"og:type\" content=\"article\" \/>\n<meta property=\"og:title\" content=\"Impressora DTF t\u00eaxtil Teros Print 60CM 2 Cabe\u00e7as I3200 - Terosprint\" \/>\n<meta property=\"og:description\" content=\"Impressora DTF T\u00eaxtil Terosprint 60CM 2 cabe\u00e7as Epson I3200, ideal para aplica\u00e7\u00f5es profissionais com alta velocidade. Personalize roupas, acess\u00f3rios e mais.\" \/>\n<meta property=\"og:url\" content=\"https:\/\/terosprint.com.br\/en\/product\/impressora-dtf-textil-terosprint-60cm-02-cabecas-i3200\/\" \/>\n<meta property=\"og:site_name\" content=\"Terosprint\" \/>\n<meta property=\"article:modified_time\" content=\"2026-05-06T08:37:45+00:00\" \/>\n<meta property=\"og:image\" content=\"https:\/\/terosprint.com.br\/wp-content\/uploads\/2024\/08\/Impressora-DTF-textil-Teros-Print.webp\" \/>\n\t<meta property=\"og:image:width\" content=\"1000\" \/>\n\t<meta property=\"og:image:height\" content=\"1000\" \/>\n\t<meta property=\"og:image:type\" content=\"image\/webp\" \/>\n<meta name=\"twitter:card\" content=\"summary_large_image\" \/>\n<meta name=\"twitter:label1\" content=\"Price\" \/>\n\t<meta name=\"twitter:data1\" content=\"\" \/>\n\t<meta name=\"twitter:label2\" content=\"Availability\" \/>\n\t<meta name=\"twitter:data2\" content=\"On backorder\" \/>\n<script type=\"application\/ld+json\" class=\"yoast-schema-graph\">{\"@context\":\"https:\/\/schema.org\",\"@graph\":[{\"@type\":\"WebPage\",\"@id\":\"https:\/\/terosprint.com.br\/produto\/impressora-dtf-textil-terosprint-60cm-02-cabecas-i3200\/\",\"url\":\"https:\/\/terosprint.com.br\/produto\/impressora-dtf-textil-terosprint-60cm-02-cabecas-i3200\/\",\"name\":\"Impressora DTF t\u00eaxtil Teros Print 60CM 2 Cabe\u00e7as I3200 - Terosprint\",\"isPartOf\":{\"@id\":\"https:\/\/terosprint.com.br\/#website\"},\"primaryImageOfPage\":{\"@id\":\"https:\/\/terosprint.com.br\/produto\/impressora-dtf-textil-terosprint-60cm-02-cabecas-i3200\/#primaryimage\"},\"image\":{\"@id\":\"https:\/\/terosprint.com.br\/produto\/impressora-dtf-textil-terosprint-60cm-02-cabecas-i3200\/#primaryimage\"},\"thumbnailUrl\":\"https:\/\/terosprint.com.br\/wp-content\/uploads\/2024\/08\/Impressora-DTF-textil-Teros-Print.webp\",\"datePublished\":\"2024-08-27T14:17:05+00:00\",\"dateModified\":\"2026-05-06T08:37:45+00:00\",\"description\":\"Impressora DTF T\u00eaxtil Terosprint 60CM 2 cabe\u00e7as Epson I3200, ideal para aplica\u00e7\u00f5es profissionais com alta velocidade. Personalize roupas, acess\u00f3rios e mais.\",\"breadcrumb\":{\"@id\":\"https:\/\/terosprint.com.br\/produto\/impressora-dtf-textil-terosprint-60cm-02-cabecas-i3200\/#breadcrumb\"},\"inLanguage\":\"en-US\",\"potentialAction\":[{\"@type\":\"ReadAction\",\"target\":[\"https:\/\/terosprint.com.br\/produto\/impressora-dtf-textil-terosprint-60cm-02-cabecas-i3200\/\"]}]},{\"@type\":\"ImageObject\",\"inLanguage\":\"en-US\",\"@id\":\"https:\/\/terosprint.com.br\/produto\/impressora-dtf-textil-terosprint-60cm-02-cabecas-i3200\/#primaryimage\",\"url\":\"https:\/\/terosprint.com.br\/wp-content\/uploads\/2024\/08\/Impressora-DTF-textil-Teros-Print.webp\",\"contentUrl\":\"https:\/\/terosprint.com.br\/wp-content\/uploads\/2024\/08\/Impressora-DTF-textil-Teros-Print.webp\",\"width\":1000,\"height\":1000},{\"@type\":\"BreadcrumbList\",\"@id\":\"https:\/\/terosprint.com.br\/produto\/impressora-dtf-textil-terosprint-60cm-02-cabecas-i3200\/#breadcrumb\",\"itemListElement\":[{\"@type\":\"ListItem\",\"position\":1,\"name\":\"In\u00edcio\",\"item\":\"https:\/\/terosprint.com.br\/\"},{\"@type\":\"ListItem\",\"position\":2,\"name\":\"Shop\",\"item\":\"https:\/\/terosprint.com.br\/shop\/\"},{\"@type\":\"ListItem\",\"position\":3,\"name\":\"Impressora DTF t\u00eaxtil Teros Print 60CM 2 Cabe\u00e7as I3200\"}]},{\"@type\":\"WebSite\",\"@id\":\"https:\/\/terosprint.com.br\/#website\",\"url\":\"https:\/\/terosprint.com.br\/\",\"name\":\"Loja Terosprint - Voando em cores!\",\"description\":\"Voando em Cores!\",\"publisher\":{\"@id\":\"https:\/\/terosprint.com.br\/#organization\"},\"potentialAction\":[{\"@type\":\"SearchAction\",\"target\":{\"@type\":\"EntryPoint\",\"urlTemplate\":\"https:\/\/terosprint.com.br\/?s={search_term_string}\"},\"query-input\":\"required name=search_term_string\"}],\"inLanguage\":\"en-US\"},{\"@type\":\"Organization\",\"@id\":\"https:\/\/terosprint.com.br\/#organization\",\"name\":\"Loja Terosprint - Voando em cores!\",\"url\":\"https:\/\/terosprint.com.br\/\",\"logo\":{\"@type\":\"ImageObject\",\"inLanguage\":\"en-US\",\"@id\":\"https:\/\/terosprint.com.br\/#\/schema\/logo\/image\/\",\"url\":\"https:\/\/terosprint.com.br\/wp-content\/uploads\/2024\/08\/HORIZONTAL-MIXTO.png\",\"contentUrl\":\"https:\/\/terosprint.com.br\/wp-content\/uploads\/2024\/08\/HORIZONTAL-MIXTO.png\",\"width\":1956,\"height\":503,\"caption\":\"Loja Terosprint - Voando em cores!\"},\"image\":{\"@id\":\"https:\/\/terosprint.com.br\/#\/schema\/logo\/image\/\"},\"sameAs\":[\"https:\/\/www.youtube.com\/@TerosPrint\",\"https:\/\/www.instagram.com\/terosprint\/\"]}]}<\/script>\n<meta property=\"product:price:currency\" content=\"BRL\" \/>\n<meta property=\"og:availability\" content=\"backorder\" \/>\n<meta property=\"product:availability\" content=\"available for order\" \/>\n<meta property=\"product:retailer_item_id\" content=\"3070\" \/>\n<meta property=\"product:condition\" content=\"new\" \/>\n<!-- \/ Yoast SEO plugin. -->","yoast_head_json":{"title":"Impressora DTF t\u00eaxtil Teros Print 60CM 2 Cabe\u00e7as I3200 - Terosprint","description":"Impressora DTF T\u00eaxtil Terosprint 60CM 2 cabe\u00e7as Epson I3200, ideal para aplica\u00e7\u00f5es profissionais com alta velocidade. Personalize roupas, acess\u00f3rios e mais.","robots":{"index":"index","follow":"follow","max-snippet":"max-snippet:-1","max-image-preview":"max-image-preview:large","max-video-preview":"max-video-preview:-1"},"canonical":"https:\/\/terosprint.com.br\/en\/product\/impressora-dtf-textil-terosprint-60cm-02-cabecas-i3200\/","og_locale":"en_US","og_type":"article","og_title":"Impressora DTF t\u00eaxtil Teros Print 60CM 2 Cabe\u00e7as I3200 - Terosprint","og_description":"Impressora DTF T\u00eaxtil Terosprint 60CM 2 cabe\u00e7as Epson I3200, ideal para aplica\u00e7\u00f5es profissionais com alta velocidade. Personalize roupas, acess\u00f3rios e mais.","og_url":"https:\/\/terosprint.com.br\/en\/product\/impressora-dtf-textil-terosprint-60cm-02-cabecas-i3200\/","og_site_name":"Terosprint","article_modified_time":"2026-05-06T08:37:45+00:00","og_image":[{"width":1000,"height":1000,"url":"https:\/\/terosprint.com.br\/wp-content\/uploads\/2024\/08\/Impressora-DTF-textil-Teros-Print.webp","type":"image\/webp"}],"twitter_card":"summary_large_image","twitter_misc":{"Price":"","Availability":"On backorder"},"schema":{"@context":"https:\/\/schema.org","@graph":[{"@type":"WebPage","@id":"https:\/\/terosprint.com.br\/produto\/impressora-dtf-textil-terosprint-60cm-02-cabecas-i3200\/","url":"https:\/\/terosprint.com.br\/produto\/impressora-dtf-textil-terosprint-60cm-02-cabecas-i3200\/","name":"Impressora DTF t\u00eaxtil Teros Print 60CM 2 Cabe\u00e7as I3200 - Terosprint","isPartOf":{"@id":"https:\/\/terosprint.com.br\/#website"},"primaryImageOfPage":{"@id":"https:\/\/terosprint.com.br\/produto\/impressora-dtf-textil-terosprint-60cm-02-cabecas-i3200\/#primaryimage"},"image":{"@id":"https:\/\/terosprint.com.br\/produto\/impressora-dtf-textil-terosprint-60cm-02-cabecas-i3200\/#primaryimage"},"thumbnailUrl":"https:\/\/terosprint.com.br\/wp-content\/uploads\/2024\/08\/Impressora-DTF-textil-Teros-Print.webp","datePublished":"2024-08-27T14:17:05+00:00","dateModified":"2026-05-06T08:37:45+00:00","description":"Impressora DTF T\u00eaxtil Terosprint 60CM 2 cabe\u00e7as Epson I3200, ideal para aplica\u00e7\u00f5es profissionais com alta velocidade. Personalize roupas, acess\u00f3rios e mais.","breadcrumb":{"@id":"https:\/\/terosprint.com.br\/produto\/impressora-dtf-textil-terosprint-60cm-02-cabecas-i3200\/#breadcrumb"},"inLanguage":"en-US","potentialAction":[{"@type":"ReadAction","target":["https:\/\/terosprint.com.br\/produto\/impressora-dtf-textil-terosprint-60cm-02-cabecas-i3200\/"]}]},{"@type":"ImageObject","inLanguage":"en-US","@id":"https:\/\/terosprint.com.br\/produto\/impressora-dtf-textil-terosprint-60cm-02-cabecas-i3200\/#primaryimage","url":"https:\/\/terosprint.com.br\/wp-content\/uploads\/2024\/08\/Impressora-DTF-textil-Teros-Print.webp","contentUrl":"https:\/\/terosprint.com.br\/wp-content\/uploads\/2024\/08\/Impressora-DTF-textil-Teros-Print.webp","width":1000,"height":1000},{"@type":"BreadcrumbList","@id":"https:\/\/terosprint.com.br\/produto\/impressora-dtf-textil-terosprint-60cm-02-cabecas-i3200\/#breadcrumb","itemListElement":[{"@type":"ListItem","position":1,"name":"In\u00edcio","item":"https:\/\/terosprint.com.br\/"},{"@type":"ListItem","position":2,"name":"Shop","item":"https:\/\/terosprint.com.br\/shop\/"},{"@type":"ListItem","position":3,"name":"Impressora DTF t\u00eaxtil Teros Print 60CM 2 Cabe\u00e7as I3200"}]},{"@type":"WebSite","@id":"https:\/\/terosprint.com.br\/#website","url":"https:\/\/terosprint.com.br\/","name":"Loja Terosprint - Voando em cores!","description":"Voando em Cores!","publisher":{"@id":"https:\/\/terosprint.com.br\/#organization"},"potentialAction":[{"@type":"SearchAction","target":{"@type":"EntryPoint","urlTemplate":"https:\/\/terosprint.com.br\/?s={search_term_string}"},"query-input":"required name=search_term_string"}],"inLanguage":"en-US"},{"@type":"Organization","@id":"https:\/\/terosprint.com.br\/#organization","name":"Loja Terosprint - Voando em cores!","url":"https:\/\/terosprint.com.br\/","logo":{"@type":"ImageObject","inLanguage":"en-US","@id":"https:\/\/terosprint.com.br\/#\/schema\/logo\/image\/","url":"https:\/\/terosprint.com.br\/wp-content\/uploads\/2024\/08\/HORIZONTAL-MIXTO.png","contentUrl":"https:\/\/terosprint.com.br\/wp-content\/uploads\/2024\/08\/HORIZONTAL-MIXTO.png","width":1956,"height":503,"caption":"Loja Terosprint - Voando em cores!"},"image":{"@id":"https:\/\/terosprint.com.br\/#\/schema\/logo\/image\/"},"sameAs":["https:\/\/www.youtube.com\/@TerosPrint","https:\/\/www.instagram.com\/terosprint\/"]}]},"product_price_currency":"BRL","og_availability":"backorder","product_availability":"available for order","product_retailer_item_id":"3070","product_condition":"new"},"_links":{"self":[{"href":"https:\/\/terosprint.com.br\/en\/wp-json\/wp\/v2\/product\/28135","targetHints":{"allow":["GET"]}}],"collection":[{"href":"https:\/\/terosprint.com.br\/en\/wp-json\/wp\/v2\/product"}],"about":[{"href":"https:\/\/terosprint.com.br\/en\/wp-json\/wp\/v2\/types\/product"}],"replies":[{"embeddable":true,"href":"https:\/\/terosprint.com.br\/en\/wp-json\/wp\/v2\/comments?post=28135"}],"version-history":[{"count":0,"href":"https:\/\/terosprint.com.br\/en\/wp-json\/wp\/v2\/product\/28135\/revisions"}],"wp:featuredmedia":[{"embeddable":true,"href":"https:\/\/terosprint.com.br\/en\/wp-json\/wp\/v2\/media\/29755"}],"wp:attachment":[{"href":"https:\/\/terosprint.com.br\/en\/wp-json\/wp\/v2\/media?parent=28135"}],"wp:term":[{"taxonomy":"product_brand","embeddable":true,"href":"https:\/\/terosprint.com.br\/en\/wp-json\/wp\/v2\/product_brand?post=28135"},{"taxonomy":"product_cat","embeddable":true,"href":"https:\/\/terosprint.com.br\/en\/wp-json\/wp\/v2\/product_cat?post=28135"},{"taxonomy":"product_tag","embeddable":true,"href":"https:\/\/terosprint.com.br\/en\/wp-json\/wp\/v2\/product_tag?post=28135"}],"curies":[{"name":"wp","href":"https:\/\/api.w.org\/{rel}","templated":true}]}}