{"id":3,"date":"2024-08-23T13:33:43","date_gmt":"2024-08-23T13:33:43","guid":{"rendered":"https:\/\/loja.terosprint.com.br\/?page_id=3"},"modified":"2024-08-29T08:51:01","modified_gmt":"2024-08-29T11:51:01","slug":"politica-privacidade","status":"publish","type":"page","link":"https:\/\/terosprint.com.br\/en\/politica-privacidade\/","title":{"rendered":"Pol\u00edtica de privacidade"},"content":{"rendered":"<p>N\u00f3s, da Terosprint, estamos comprometidos em resguardar sua privacidade. O prop\u00f3sito deste documento \u00e9 esclarecer quais informa\u00e7\u00f5es s\u00e3o coletadas dos usu\u00e1rios em nosso site <a href=\"https:\/\/terosprint.com.br\/en\/\">https:\/\/terosprint.com.br<\/a> e de que forma esses dados s\u00e3o utilizados.<\/p>\n\n\n\n<p><strong>1. Quem Somos<\/strong><\/p>\n\n\n\n<p>Nosso endere\u00e7o na web \u00e9: <a href=\"https:\/\/terosprint.com.br\/en\/\">https:\/\/terosprint.com.br<\/a>.<\/p>\n\n\n\n<p><strong>2. Coleta de Dados Pessoais<\/strong><\/p>\n\n\n\n<p>Quando os visitantes deixam coment\u00e1rios em nosso site, coletamos os dados preenchidos no formul\u00e1rio de coment\u00e1rios, o endere\u00e7o IP e as informa\u00e7\u00f5es do navegador do visitante para auxiliar na detec\u00e7\u00e3o de spam.<\/p>\n\n\n\n<p>Uma string an\u00f4nima criada a partir do seu endere\u00e7o de e-mail (tamb\u00e9m conhecida como hash) pode ser enviada para o servi\u00e7o Gravatar para verificar se voc\u00ea o est\u00e1 utilizando. A pol\u00edtica de privacidade do Gravatar est\u00e1 dispon\u00edvel aqui: <a href=\"https:\/\/automattic.com\/privacy\/\">https:\/\/automattic.com\/privacy\/<\/a>. Ap\u00f3s a aprova\u00e7\u00e3o do seu coment\u00e1rio, a imagem do seu perfil ficar\u00e1 vis\u00edvel ao p\u00fablico no contexto do seu coment\u00e1rio.<\/p>\n\n\n\n<p><strong>3. Multim\u00eddia<\/strong><\/p>\n\n\n\n<p>Se voc\u00ea enviar imagens para o site, deve evitar enviar imagens com dados incorporados de geolocaliza\u00e7\u00e3o (EXIF GPS). Os visitantes podem baixar e extrair qualquer dado de localiza\u00e7\u00e3o das imagens do site.<\/p>\n\n\n\n<p><strong>4. Cookies<\/strong><\/p>\n\n\n\n<ul class=\"wp-block-list\">\n<li><strong>Coment\u00e1rios<\/strong>: Ao deixar um coment\u00e1rio em nosso site, voc\u00ea pode optar por salvar seu nome, e-mail e site nos cookies. Isso \u00e9 para sua conveni\u00eancia, para que n\u00e3o precise preencher seus dados novamente ao deixar outro coment\u00e1rio. Esses cookies durar\u00e3o por um ano.<\/li>\n\n\n\n<li><strong>Login<\/strong>: Se voc\u00ea visitar a nossa p\u00e1gina de login, ser\u00e1 criado um cookie tempor\u00e1rio para determinar se o seu navegador aceita cookies. Este cookie n\u00e3o cont\u00e9m dados pessoais e ser\u00e1 descartado ao fechar o navegador. Ao fazer login, criamos v\u00e1rios cookies para salvar as informa\u00e7\u00f5es da sua sess\u00e3o e suas escolhas de exibi\u00e7\u00e3o na tela. Cookies de login duram um ano. Se voc\u00ea selecionar &#8220;Lembrar-me&#8221;, sua sess\u00e3o permanecer\u00e1 ativa por duas semanas. Ao sair da sua conta, os cookies de login ser\u00e3o removidos.<\/li>\n\n\n\n<li><strong>Edi\u00e7\u00e3o de Artigos<\/strong>: Se voc\u00ea editar ou publicar um artigo, um cookie adicional ser\u00e1 salvo em seu navegador. Esse cookie n\u00e3o inclui dados pessoais e apenas indica o ID do conte\u00fado do artigo que voc\u00ea acabou de editar. Ele expira ap\u00f3s 1 dia.<\/li>\n<\/ul>\n\n\n\n<p><strong>5. Conte\u00fado Incorporado de Outros Sites<\/strong><\/p>\n\n\n\n<p>Os artigos neste site podem incluir conte\u00fado incorporado (por exemplo: v\u00eddeos, imagens, artigos, etc.). O conte\u00fado incorporado de outros sites comporta-se da mesma forma como se o visitante estivesse visitando o outro site. Esses sites podem coletar dados sobre voc\u00ea, usar cookies, incorporar rastreamento adicional de terceiros e monitorar sua intera\u00e7\u00e3o com esse conte\u00fado, incluindo sua intera\u00e7\u00e3o com o conte\u00fado incorporado se voc\u00ea tiver uma conta e estiver logado naquele site.<\/p>\n\n\n\n<p><strong>6. Compartilhamento dos Seus Dados<\/strong><\/p>\n\n\n\n<p>Se voc\u00ea solicitar uma redefini\u00e7\u00e3o de senha, seu endere\u00e7o IP ser\u00e1 inclu\u00eddo no e-mail de redefini\u00e7\u00e3o.<\/p>\n\n\n\n<p><strong>7. Reten\u00e7\u00e3o dos Seus Dados<\/strong><\/p>\n\n\n\n<p>Se voc\u00ea deixar um coment\u00e1rio, o coment\u00e1rio e seus metadados s\u00e3o retidos indefinidamente. Fazemos isso para que possamos reconhecer e aprovar automaticamente qualquer coment\u00e1rio subsequente, em vez de mant\u00ea-lo em uma fila de modera\u00e7\u00e3o.<\/p>\n\n\n\n<p>Para usu\u00e1rios que se registram em nosso site (se houver), armazenamos as informa\u00e7\u00f5es pessoais fornecidas no perfil do usu\u00e1rio. Todos os usu\u00e1rios podem ver, editar ou excluir suas informa\u00e7\u00f5es pessoais a qualquer momento (exceto n\u00e3o poderem alterar seu nome de usu\u00e1rio). Os administradores do site tamb\u00e9m podem ver e editar essas informa\u00e7\u00f5es.<\/p>\n\n\n\n<p><strong>8. Seus Direitos Sobre Seus Dados<\/strong><\/p>\n\n\n\n<p>Se voc\u00ea tiver uma conta neste site ou tiver deixado coment\u00e1rios, pode solicitar um arquivo exportado dos dados pessoais que temos sobre voc\u00ea, incluindo quaisquer dados que voc\u00ea nos forneceu. Tamb\u00e9m pode solicitar que apaguemos todos os dados pessoais que mantemos sobre voc\u00ea. Isso n\u00e3o inclui dados que somos obrigados a manter para fins administrativos, legais ou de seguran\u00e7a.<\/p>\n\n\n\n<p><strong>9. Para Onde Seus Dados S\u00e3o Enviados<\/strong><\/p>\n\n\n\n<p>Coment\u00e1rios de visitantes podem ser verificados por meio de um servi\u00e7o automatizado de detec\u00e7\u00e3o de spam.<\/p>\n\n\n\n<p><strong>10. Altera\u00e7\u00f5es nesta Pol\u00edtica de Privacidade<\/strong><\/p>\n\n\n\n<p>Nos reservamos o direito de modificar esta pol\u00edtica de privacidade a qualquer momento. As mudan\u00e7as e esclarecimentos surtir\u00e3o efeito imediatamente ap\u00f3s sua publica\u00e7\u00e3o no site. Se fizermos altera\u00e7\u00f5es materiais nesta pol\u00edtica, notificaremos aqui que ela foi atualizada.<\/p>\n\n\n\n<p><strong>11. Contato<\/strong><\/p>\n\n\n\n<p>Se voc\u00ea tiver qualquer d\u00favida sobre esta Pol\u00edtica de Privacidade, entre em contato conosco pelo e-mail: <a>contato@terosprint.com.br<\/a>.<\/p>","protected":false},"excerpt":{"rendered":"<p>N\u00f3s, da Terosprint, estamos comprometidos em resguardar sua privacidade. O prop\u00f3sito deste documento \u00e9 esclarecer quais informa\u00e7\u00f5es s\u00e3o coletadas dos<\/p>","protected":false},"author":1,"featured_media":0,"parent":0,"menu_order":0,"comment_status":"closed","ping_status":"open","template":"","meta":{"footnotes":""},"class_list":["post-3","page","type-page","status-publish","hentry"],"yoast_head":"<!-- This site is optimized with the Yoast SEO plugin v23.3 - https:\/\/yoast.com\/wordpress\/plugins\/seo\/ -->\n<title>Pol\u00edtica de privacidade - Terosprint<\/title>\n<meta name=\"robots\" content=\"index, follow, max-snippet:-1, max-image-preview:large, max-video-preview:-1\" \/>\n<link rel=\"canonical\" href=\"https:\/\/terosprint.com.br\/en\/politica-privacidade\/\" \/>\n<meta property=\"og:locale\" content=\"en_US\" \/>\n<meta property=\"og:type\" content=\"article\" \/>\n<meta property=\"og:title\" content=\"Pol\u00edtica de privacidade - Terosprint\" \/>\n<meta property=\"og:description\" content=\"N\u00f3s, da Terosprint, estamos comprometidos em resguardar sua privacidade. O prop\u00f3sito deste documento \u00e9 esclarecer quais informa\u00e7\u00f5es s\u00e3o coletadas dos\" \/>\n<meta property=\"og:url\" content=\"https:\/\/terosprint.com.br\/en\/politica-privacidade\/\" \/>\n<meta property=\"og:site_name\" content=\"Terosprint\" \/>\n<meta property=\"article:modified_time\" content=\"2024-08-29T11:51:01+00:00\" \/>\n<meta name=\"twitter:card\" content=\"summary_large_image\" \/>\n<meta name=\"twitter:label1\" content=\"Est. reading time\" \/>\n\t<meta name=\"twitter:data1\" content=\"4 minutes\" \/>\n<script type=\"application\/ld+json\" class=\"yoast-schema-graph\">{\"@context\":\"https:\/\/schema.org\",\"@graph\":[{\"@type\":\"WebPage\",\"@id\":\"https:\/\/terosprint.com.br\/politica-privacidade\/\",\"url\":\"https:\/\/terosprint.com.br\/politica-privacidade\/\",\"name\":\"Pol\u00edtica de privacidade - Terosprint\",\"isPartOf\":{\"@id\":\"https:\/\/terosprint.com.br\/#website\"},\"datePublished\":\"2024-08-23T13:33:43+00:00\",\"dateModified\":\"2024-08-29T11:51:01+00:00\",\"breadcrumb\":{\"@id\":\"https:\/\/terosprint.com.br\/politica-privacidade\/#breadcrumb\"},\"inLanguage\":\"en-US\",\"potentialAction\":[{\"@type\":\"ReadAction\",\"target\":[\"https:\/\/terosprint.com.br\/politica-privacidade\/\"]}]},{\"@type\":\"BreadcrumbList\",\"@id\":\"https:\/\/terosprint.com.br\/politica-privacidade\/#breadcrumb\",\"itemListElement\":[{\"@type\":\"ListItem\",\"position\":1,\"name\":\"In\u00edcio\",\"item\":\"https:\/\/terosprint.com.br\/\"},{\"@type\":\"ListItem\",\"position\":2,\"name\":\"Pol\u00edtica de privacidade\"}]},{\"@type\":\"WebSite\",\"@id\":\"https:\/\/terosprint.com.br\/#website\",\"url\":\"https:\/\/terosprint.com.br\/\",\"name\":\"Loja Terosprint - Voando em cores!\",\"description\":\"Voando em Cores!\",\"publisher\":{\"@id\":\"https:\/\/terosprint.com.br\/#organization\"},\"potentialAction\":[{\"@type\":\"SearchAction\",\"target\":{\"@type\":\"EntryPoint\",\"urlTemplate\":\"https:\/\/terosprint.com.br\/?s={search_term_string}\"},\"query-input\":\"required name=search_term_string\"}],\"inLanguage\":\"en-US\"},{\"@type\":\"Organization\",\"@id\":\"https:\/\/terosprint.com.br\/#organization\",\"name\":\"Loja Terosprint - Voando em cores!\",\"url\":\"https:\/\/terosprint.com.br\/\",\"logo\":{\"@type\":\"ImageObject\",\"inLanguage\":\"en-US\",\"@id\":\"https:\/\/terosprint.com.br\/#\/schema\/logo\/image\/\",\"url\":\"https:\/\/terosprint.com.br\/wp-content\/uploads\/2024\/08\/HORIZONTAL-MIXTO.png\",\"contentUrl\":\"https:\/\/terosprint.com.br\/wp-content\/uploads\/2024\/08\/HORIZONTAL-MIXTO.png\",\"width\":1956,\"height\":503,\"caption\":\"Loja Terosprint - Voando em cores!\"},\"image\":{\"@id\":\"https:\/\/terosprint.com.br\/#\/schema\/logo\/image\/\"},\"sameAs\":[\"https:\/\/www.youtube.com\/@TerosPrint\",\"https:\/\/www.instagram.com\/terosprint\/\"]}]}<\/script>\n<!-- \/ Yoast SEO plugin. -->","yoast_head_json":{"title":"Pol\u00edtica de privacidade - Terosprint","robots":{"index":"index","follow":"follow","max-snippet":"max-snippet:-1","max-image-preview":"max-image-preview:large","max-video-preview":"max-video-preview:-1"},"canonical":"https:\/\/terosprint.com.br\/en\/politica-privacidade\/","og_locale":"en_US","og_type":"article","og_title":"Pol\u00edtica de privacidade - Terosprint","og_description":"N\u00f3s, da Terosprint, estamos comprometidos em resguardar sua privacidade. O prop\u00f3sito deste documento \u00e9 esclarecer quais informa\u00e7\u00f5es s\u00e3o coletadas dos","og_url":"https:\/\/terosprint.com.br\/en\/politica-privacidade\/","og_site_name":"Terosprint","article_modified_time":"2024-08-29T11:51:01+00:00","twitter_card":"summary_large_image","twitter_misc":{"Est. reading time":"4 minutes"},"schema":{"@context":"https:\/\/schema.org","@graph":[{"@type":"WebPage","@id":"https:\/\/terosprint.com.br\/politica-privacidade\/","url":"https:\/\/terosprint.com.br\/politica-privacidade\/","name":"Pol\u00edtica de privacidade - Terosprint","isPartOf":{"@id":"https:\/\/terosprint.com.br\/#website"},"datePublished":"2024-08-23T13:33:43+00:00","dateModified":"2024-08-29T11:51:01+00:00","breadcrumb":{"@id":"https:\/\/terosprint.com.br\/politica-privacidade\/#breadcrumb"},"inLanguage":"en-US","potentialAction":[{"@type":"ReadAction","target":["https:\/\/terosprint.com.br\/politica-privacidade\/"]}]},{"@type":"BreadcrumbList","@id":"https:\/\/terosprint.com.br\/politica-privacidade\/#breadcrumb","itemListElement":[{"@type":"ListItem","position":1,"name":"In\u00edcio","item":"https:\/\/terosprint.com.br\/"},{"@type":"ListItem","position":2,"name":"Pol\u00edtica de privacidade"}]},{"@type":"WebSite","@id":"https:\/\/terosprint.com.br\/#website","url":"https:\/\/terosprint.com.br\/","name":"Loja Terosprint - Voando em cores!","description":"Voando em Cores!","publisher":{"@id":"https:\/\/terosprint.com.br\/#organization"},"potentialAction":[{"@type":"SearchAction","target":{"@type":"EntryPoint","urlTemplate":"https:\/\/terosprint.com.br\/?s={search_term_string}"},"query-input":"required name=search_term_string"}],"inLanguage":"en-US"},{"@type":"Organization","@id":"https:\/\/terosprint.com.br\/#organization","name":"Loja Terosprint - Voando em cores!","url":"https:\/\/terosprint.com.br\/","logo":{"@type":"ImageObject","inLanguage":"en-US","@id":"https:\/\/terosprint.com.br\/#\/schema\/logo\/image\/","url":"https:\/\/terosprint.com.br\/wp-content\/uploads\/2024\/08\/HORIZONTAL-MIXTO.png","contentUrl":"https:\/\/terosprint.com.br\/wp-content\/uploads\/2024\/08\/HORIZONTAL-MIXTO.png","width":1956,"height":503,"caption":"Loja Terosprint - Voando em cores!"},"image":{"@id":"https:\/\/terosprint.com.br\/#\/schema\/logo\/image\/"},"sameAs":["https:\/\/www.youtube.com\/@TerosPrint","https:\/\/www.instagram.com\/terosprint\/"]}]}},"_links":{"self":[{"href":"https:\/\/terosprint.com.br\/en\/wp-json\/wp\/v2\/pages\/3","targetHints":{"allow":["GET"]}}],"collection":[{"href":"https:\/\/terosprint.com.br\/en\/wp-json\/wp\/v2\/pages"}],"about":[{"href":"https:\/\/terosprint.com.br\/en\/wp-json\/wp\/v2\/types\/page"}],"author":[{"embeddable":true,"href":"https:\/\/terosprint.com.br\/en\/wp-json\/wp\/v2\/users\/1"}],"replies":[{"embeddable":true,"href":"https:\/\/terosprint.com.br\/en\/wp-json\/wp\/v2\/comments?post=3"}],"version-history":[{"count":0,"href":"https:\/\/terosprint.com.br\/en\/wp-json\/wp\/v2\/pages\/3\/revisions"}],"wp:attachment":[{"href":"https:\/\/terosprint.com.br\/en\/wp-json\/wp\/v2\/media?parent=3"}],"curies":[{"name":"wp","href":"https:\/\/api.w.org\/{rel}","templated":true}]}}